{"id":14766,"date":"2014-04-28T08:36:55","date_gmt":"2014-04-28T06:36:55","guid":{"rendered":"https:\/\/www.openmet.com\/openmet-people\/assessments-y-diagnosticos\/"},"modified":"2023-03-09T18:10:50","modified_gmt":"2023-03-09T16:10:50","slug":"assessments-i-diagnostics","status":"publish","type":"page","link":"https:\/\/www.openmet.com\/ca\/openmet-people\/assessments-i-diagnostics\/","title":{"rendered":"Assessments i diagn\u00f2stics"},"content":{"rendered":"\n<div class=\"wp-block-getwid-section has-inner-blocks-gap-none getwid-margin-top-none getwid-section-content-full-width\" style=\"margin-bottom:80px\"><div class=\"wp-block-getwid-section__wrapper getwid-padding-top-none getwid-padding-bottom-none getwid-padding-left-none getwid-padding-right-none getwid-margin-left-none getwid-margin-right-none getwid-justify-content-flex-start\"><div class=\"wp-block-getwid-section__inner-wrapper\"><div class=\"wp-block-getwid-section__background-holder\"><div class=\"wp-block-getwid-section__background\"><\/div><div class=\"wp-block-getwid-section__foreground\"><\/div><\/div><div class=\"wp-block-getwid-section__content\"><div class=\"wp-block-getwid-section__inner-content\">\n<div class=\"wp-block-media-text alignwide has-media-on-the-right is-stacked-on-mobile\" style=\"grid-template-columns:auto 45%\"><figure class=\"wp-block-media-text__media\"><img decoding=\"async\" src=\"https:\/\/www.openmet.com\/wp-content\/uploads\/2021\/09\/openmet_people.svg\" alt=\"avaluacions de necessitats formatives\" class=\"wp-image-13665 size-full\"\/><\/figure><div class=\"wp-block-media-text__content\">\n<p class=\"people-badge\">Openmet People<\/p>\n\n\n\n<h1 class=\"font-weight-bolder pr-5 pt-2 has-huge-font-size wp-block-heading\">Assessments i avaluacions de necessitats formatives<\/h1>\n\n\n\n<p class=\"pr-5 font-weight-light large-line-height\">La capacitaci\u00f3 de les persones que formen part la teva empresa \u00e9s un dels punts que poden marcar la difer\u00e8ncia com a empresa competitiva. La formaci\u00f3 continuada \u00e9s una de les claus de l&#8217;\u00e8xit del negoci. L&#8217;avaluaci\u00f3 formativa pot partir de dos escenaris diferents: la detecci\u00f3 de necessitats formatives o l&#8217;<strong>impacte de la formaci\u00f3 en les persones i l&#8217;organitzaci\u00f3<\/strong>.<br>La detecci\u00f3 de les necessitats formatives pot realitzar-se mitjan\u00e7ant les <strong>avaluacions per compet\u00e8ncies<\/strong>, ex\u00e0mens de coneixements i habilitats o preguntant directament als col\u00b7laboradors quals creuen que s\u00f3n les seves necessitats.<br>Generalment els perfils o col\u00b7lectius m\u00e9s habituals als quals se&#8217;ls fa aquest tipus d&#8217;avaluacions s\u00f3n: la xarxa comercial i vendes, directius, comandaments intermedis, departaments de qualitat i producci\u00f3<\/p>\n<\/div><\/div>\n<\/div><\/div><\/div><\/div><\/div>\n\n\n\n<div class=\"wp-block-getwid-advanced-spacer\" style=\"height:40px\" aria-hidden=\"true\"><\/div>\n\n\n\n<h2 class=\"wp-block-heading\">Objectius i resultats a partir d&#8217;assessments i avaluacions<\/h2>\n\n\n\n<ul class=\"checked people has-background wp-block-list\" style=\"background-color:#f5f8fc\"><li>Detectar les necessitats formatives<\/li><li>Obtenir dades objectives sobre els coneixements t\u00e8cnics i habilitats<\/li><li>Optimitzar els recursos formatius de la companyia<\/li><li>Decidir en quins programes invertir<\/li><li>Potenciar el talent intern de les persones de l&#8217;organitzaci\u00f3<\/li><li>Alinear necessitats individuals amb les necessitats de la companyia<\/li><li>Eina \u00fatil per a les decisions formatives als l\u00edders d&#8217;equip<\/li><\/ul>\n\n\n\n<div class=\"wp-block-getwid-advanced-spacer\" style=\"height:40px\" aria-hidden=\"true\"><\/div>\n\n\n\n<h2 class=\"wp-block-heading\">Com treballem l&#8217;avaluaci\u00f3 i diagn\u00f2stics<\/h2>\n\n\n\n<ul class=\"checked people has-background wp-block-list\" style=\"background-color:#f5f8fc\"><li>Dissenyem els q\u00fcestionar-vos per a detectar necessitats i analitzar coneixements i\/o habilitats. En el cas d&#8217;un q\u00fcestionari de coneixements es treballar\u00e0 conjuntament amb t\u00e8cnics especialistes de la companyia<\/li><li>Assessorem en la comunicaci\u00f3 interna del proc\u00e9s<\/li><li>Gestionem el proc\u00e9s de distribuci\u00f3 i captura de dades mitjan\u00e7ant enquestes electr\u00f2niques<\/li><li>Analitzem els resultats globals de les avaluacions<\/li><li>A trav\u00e9s de la nostra plataforma <strong><a href=\"\/ca\/openmet-feedback-manager\/\">Openmet Feedback Manager<\/a><\/strong> podr\u00e0s accedir a l&#8217;entorn de resultats amb Business Intelligence i con\u00e8ixer al detall els resultats tant individuals com grupals<\/li><li>Presentem els resultats i realitzem recomanacions<\/li><li>Acompanyament durant tot el proc\u00e9s<\/li><\/ul>\n\n\n\n<div class=\"wp-block-getwid-advanced-spacer\" style=\"height:40px\" aria-hidden=\"true\"><\/div>\n\n\n\n<hr class=\"wp-block-separator has-text-color has-css-opacity has-background is-style-default alignwide\" style=\"background-color:#999999;color:#999999\"\/>\n\n\n\n<div class=\"wp-block-getwid-advanced-spacer\" style=\"height:40px\" aria-hidden=\"true\"><\/div>\n\n\n\n<div class=\"wp-block-group mb-2 animated fadeInUp\"><div class=\"wp-block-group__inner-container is-layout-flow wp-block-group-is-layout-flow\">\n<h2 class=\"wp-block-heading display-3\">Blog<\/h2>\n\n\n\n<p class=\"has-text-align-left alignleft has-text-color\" style=\"color:#999999\">Si vols con\u00e8ixer m\u00e9s, a Openmet Group redactem articles propis per ajudar-te a fer cr\u00e9ixer el teu negoci <\/p>\n\n\n\n<div class=\"wp-block-buttons is-layout-flex wp-block-buttons-is-layout-flex\">\n<div class=\"wp-block-button has-custom-font-size chevron-right has-small-font-size\"><a class=\"wp-block-button__link has-white-color has-text-color has-background wp-element-button\" href=\"\/ca\/blog\" style=\"background-color:#0d99cc\">veure-ho tot<\/a><\/div>\n<\/div>\n<\/div><\/div>\n\n\n\n<div class=\"wp-block-getwid-advanced-spacer\" style=\"height:10px\" aria-hidden=\"true\"><\/div>\n\n\n        <div class=\"wp-block-getwid-custom-post-type custom-post-type-post has-layout-grid has-spacing-normal\">\n            <div class=\"wp-block-getwid-custom-post-type__wrapper getwid-columns getwid-columns-3\">\n                \t\t\t\t\t\t\t\t<div class='wp-block-getwid-custom-post-type__post'>\n\t\t\t\t\t\t\t\t\t\n<div class=\"wp-block-group blog-post-grid\"><div class=\"wp-block-group__inner-container is-layout-flow wp-block-group-is-layout-flow\">\n<div class=\"wp-block-getwid-template-post-featured-image aligncenter\" >\n            <a href=\"https:\/\/www.openmet.com\/ca\/engagement-laboral-generacional\/\">\n        <img loading=\"lazy\" decoding=\"async\" width=\"640\" height=\"441\" src=\"https:\/\/www.openmet.com\/wp-content\/uploads\/2026\/02\/Openmet_Entrada_Generacional-768x529.png\" class=\"attachment-medium_large size-medium_large wp-post-image\" alt=\"Engagement laboral generacional: com connectar amb la generaci\u00f3 Z\" srcset=\"https:\/\/www.openmet.com\/wp-content\/uploads\/2026\/02\/Openmet_Entrada_Generacional-768x529.png 768w, https:\/\/www.openmet.com\/wp-content\/uploads\/2026\/02\/Openmet_Entrada_Generacional-300x207.png 300w, https:\/\/www.openmet.com\/wp-content\/uploads\/2026\/02\/Openmet_Entrada_Generacional-1024x706.png 1024w, https:\/\/www.openmet.com\/wp-content\/uploads\/2026\/02\/Openmet_Entrada_Generacional-1536x1059.png 1536w, https:\/\/www.openmet.com\/wp-content\/uploads\/2026\/02\/Openmet_Entrada_Generacional.png 1851w\" sizes=\"auto, (max-width: 640px) 100vw, 640px\" \/>            <\/a>\n    <\/div>\n\n\n\n<h3 class=\"wp-block-getwid-template-post-title h4\"><a class=\"wp-block-getwid-template-post-title__link\" href=\"https:\/\/www.openmet.com\/ca\/engagement-laboral-generacional\/\">Engagement laboral generacional: com connectar amb la generaci\u00f3 Z<\/a><\/h3>\n\n\n<div class=\"wp-block-getwid-template-post-meta has-direction-row\" >\n    \n\n<div class=\"wp-block-getwid-template-post-categories has-text-color\"  style=\"color:#999999;\" >\n        <a href=\"https:\/\/www.openmet.com\/ca\/category\/clima-laboral\/\" rel=\"category tag\">Clima Laboral<\/a> <a href=\"https:\/\/www.openmet.com\/ca\/category\/employee-engagement-ca\/\" rel=\"category tag\">Employee engagement<\/a> <a href=\"https:\/\/www.openmet.com\/ca\/category\/openmet-peoplecat\/\" rel=\"category tag\">Openmet People<\/a><\/div>\n<\/div>\n\n\n\n<div class=\"wp-block-getwid-template-post-content is-excerpt\" ><p>En l\u2019entorn professional actual, marcat per la conviv\u00e8ncia de quatre generacions actives dins d\u2019una mateixa organitzaci\u00f3, l\u2019engagement laboral generacional s\u2019ha convertit en un factor estrat\u00e8gic. Ja no n\u2019hi ha prou&hellip;<\/p><\/div>\n\n\n\n<p><\/p>\n<\/div><\/div>\n\t\t\t\t\t\t\t\t<\/div>\n\t\t\t\t\t\t\t\t\t\t\t\t\t\t\t<div class='wp-block-getwid-custom-post-type__post'>\n\t\t\t\t\t\t\t\t\t\n<div class=\"wp-block-group blog-post-grid\"><div class=\"wp-block-group__inner-container is-layout-flow wp-block-group-is-layout-flow\">\n<div class=\"wp-block-getwid-template-post-featured-image aligncenter\" >\n            <a href=\"https:\/\/www.openmet.com\/ca\/people-analytics-engagement-rrhh\/\">\n        <img loading=\"lazy\" decoding=\"async\" width=\"640\" height=\"427\" src=\"https:\/\/www.openmet.com\/wp-content\/uploads\/2026\/02\/Openmet_PeopleAnalytics-768x512.png\" class=\"attachment-medium_large size-medium_large wp-post-image\" alt=\"People Analytics o consultoria tradicional: com millorar l\u2019engagement i l\u2019experi\u00e8ncia de l\u2019empleat amb impacte real\" srcset=\"https:\/\/www.openmet.com\/wp-content\/uploads\/2026\/02\/Openmet_PeopleAnalytics-768x512.png 768w, https:\/\/www.openmet.com\/wp-content\/uploads\/2026\/02\/Openmet_PeopleAnalytics-300x200.png 300w, https:\/\/www.openmet.com\/wp-content\/uploads\/2026\/02\/Openmet_PeopleAnalytics-1024x683.png 1024w, https:\/\/www.openmet.com\/wp-content\/uploads\/2026\/02\/Openmet_PeopleAnalytics-1536x1024.png 1536w, https:\/\/www.openmet.com\/wp-content\/uploads\/2026\/02\/Openmet_PeopleAnalytics-2048x1365.png 2048w\" sizes=\"auto, (max-width: 640px) 100vw, 640px\" \/>            <\/a>\n    <\/div>\n\n\n\n<h3 class=\"wp-block-getwid-template-post-title h4\"><a class=\"wp-block-getwid-template-post-title__link\" href=\"https:\/\/www.openmet.com\/ca\/people-analytics-engagement-rrhh\/\">People Analytics o consultoria tradicional: com millorar l\u2019engagement i l\u2019experi\u00e8ncia de l\u2019empleat amb impacte real<\/a><\/h3>\n\n\n<div class=\"wp-block-getwid-template-post-meta has-direction-row\" >\n    \n\n<div class=\"wp-block-getwid-template-post-categories has-text-color\"  style=\"color:#999999;\" >\n        <a href=\"https:\/\/www.openmet.com\/ca\/category\/clima-laboral\/\" rel=\"category tag\">Clima Laboral<\/a> <a href=\"https:\/\/www.openmet.com\/ca\/category\/employee-engagement-ca\/\" rel=\"category tag\">Employee engagement<\/a> <a href=\"https:\/\/www.openmet.com\/ca\/category\/openmet-peoplecat\/\" rel=\"category tag\">Openmet People<\/a><\/div>\n<\/div>\n\n\n\n<div class=\"wp-block-getwid-template-post-content is-excerpt\" ><p>En els darrers anys, conceptes com People Analytics, employee engagement o experi\u00e8ncia de l\u2019empleat (Employee Experience) han passat de ser tend\u00e8ncies a convertir-se en elements clau de l\u2019estrat\u00e8gia de RRHH.&hellip;<\/p><\/div>\n\n\n\n<p><\/p>\n<\/div><\/div>\n\t\t\t\t\t\t\t\t<\/div>\n\t\t\t\t\t\t\t\t\t\t\t\t\t\t\t<div class='wp-block-getwid-custom-post-type__post'>\n\t\t\t\t\t\t\t\t\t\n<div class=\"wp-block-group blog-post-grid\"><div class=\"wp-block-group__inner-container is-layout-flow wp-block-group-is-layout-flow\">\n<div class=\"wp-block-getwid-template-post-featured-image aligncenter\" >\n            <a href=\"https:\/\/www.openmet.com\/ca\/dei-2026-estrategia-basada-en-dades\/\">\n        <img loading=\"lazy\" decoding=\"async\" width=\"640\" height=\"269\" src=\"https:\/\/www.openmet.com\/wp-content\/uploads\/2026\/01\/Openmet_DEI_2026-768x323.png\" class=\"attachment-medium_large size-medium_large wp-post-image\" alt=\"DEI el 2026: de la bona intenci\u00f3 a una estrat\u00e8gia empresarial efectiva\" srcset=\"https:\/\/www.openmet.com\/wp-content\/uploads\/2026\/01\/Openmet_DEI_2026-768x323.png 768w, https:\/\/www.openmet.com\/wp-content\/uploads\/2026\/01\/Openmet_DEI_2026-300x126.png 300w, https:\/\/www.openmet.com\/wp-content\/uploads\/2026\/01\/Openmet_DEI_2026-1024x431.png 1024w, https:\/\/www.openmet.com\/wp-content\/uploads\/2026\/01\/Openmet_DEI_2026-1536x647.png 1536w, https:\/\/www.openmet.com\/wp-content\/uploads\/2026\/01\/Openmet_DEI_2026-2048x862.png 2048w\" sizes=\"auto, (max-width: 640px) 100vw, 640px\" \/>            <\/a>\n    <\/div>\n\n\n\n<h3 class=\"wp-block-getwid-template-post-title h4\"><a class=\"wp-block-getwid-template-post-title__link\" href=\"https:\/\/www.openmet.com\/ca\/dei-2026-estrategia-basada-en-dades\/\">DEI el 2026: de la bona intenci\u00f3 a una estrat\u00e8gia empresarial efectiva<\/a><\/h3>\n\n\n<div class=\"wp-block-getwid-template-post-meta has-direction-row\" >\n    \n\n<div class=\"wp-block-getwid-template-post-categories has-text-color\"  style=\"color:#999999;\" >\n        <a href=\"https:\/\/www.openmet.com\/ca\/category\/clima-laboral\/\" rel=\"category tag\">Clima Laboral<\/a> <a href=\"https:\/\/www.openmet.com\/category\/employee-engagement\/\" rel=\"category tag\">Employee engagement<\/a> <a href=\"https:\/\/www.openmet.com\/ca\/category\/employee-engagement-ca\/\" rel=\"category tag\">Employee engagement<\/a> <a href=\"https:\/\/www.openmet.com\/category\/people\/\" rel=\"category tag\">Openmet People<\/a> <a href=\"https:\/\/www.openmet.com\/ca\/category\/openmet-peoplecat\/\" rel=\"category tag\">Openmet People<\/a><\/div>\n<\/div>\n\n\n\n<div class=\"wp-block-getwid-template-post-content is-excerpt\" ><p>En el context actual, parlar de Diversitat, Equitat i Inclusi\u00f3 (DEI) ha deixat de ser un exercici de reputaci\u00f3 o una etiqueta bonica en presentacions. De cara al 2026, la&hellip;<\/p><\/div>\n\n\n\n<p><\/p>\n<\/div><\/div>\n\t\t\t\t\t\t\t\t<\/div>\n\t\t\t\t\t\t\t            <\/div>\n\n                    <\/div>\n        \n\n\n<div class=\"wp-block-getwid-advanced-spacer\" style=\"height:40px\" aria-hidden=\"true\"><\/div>\n\n\n\n<div class=\"wp-block-getwid-advanced-spacer\" style=\"height:10px\" aria-hidden=\"true\"><\/div>\n\n\n\n<div class=\"wp-block-getwid-section alignfull alignfull getwid-margin-bottom-none getwid-section-content-full-width\" style=\"margin-top:80px\"><div class=\"wp-block-getwid-section__wrapper getwid-padding-top-none getwid-padding-bottom-none getwid-padding-left-none getwid-padding-right-none getwid-margin-left-none getwid-margin-right-none\"><div class=\"wp-block-getwid-section__inner-wrapper\"><div class=\"wp-block-getwid-section__background-holder\"><div class=\"wp-block-getwid-section__background has-background\" style=\"background-color:#f5f8fc\"><\/div><div class=\"wp-block-getwid-section__foreground\"><\/div><\/div><div class=\"wp-block-getwid-section__content\"><div class=\"wp-block-getwid-section__inner-content\">\n<div class=\"wp-block-getwid-section openmet-cta animated fadeInUp getwid-margin-top-none getwid-margin-bottom-none\"><div class=\"wp-block-getwid-section__wrapper getwid-padding-mobile-left-small getwid-padding-mobile-right-small getwid-margin-left-none getwid-margin-right-none\" style=\"padding-top:40px;padding-bottom:80px;padding-left:15%;padding-right:15%\"><div class=\"wp-block-getwid-section__inner-wrapper\"><div class=\"wp-block-getwid-section__background-holder\"><div class=\"wp-block-getwid-section__background\"><\/div><div class=\"wp-block-getwid-section__foreground\"><\/div><\/div><div class=\"wp-block-getwid-section__content\"><div class=\"wp-block-getwid-section__inner-content\"><div class=\"wp-block-image\">\n<figure class=\"aligncenter size-full is-resized\"><img loading=\"lazy\" decoding=\"async\" src=\"https:\/\/www.openmet.com\/wp-content\/uploads\/2021\/09\/smile.png\" alt=\"\" class=\"wp-image-13585\" style=\"width:48px;height:48px\" width=\"48\" height=\"48\"><\/figure>\n<\/div>\n\n\n<p class=\"has-text-align-center h3\" style=\"font-size:30px\">Com podem ajudar-te?<\/p>\n\n\n\n<div class=\"wp-block-getwid-advanced-spacer\" style=\"height:20px\" aria-hidden=\"true\"><\/div>\n\n\n\n<p class=\"has-text-align-center\">Des d\u2019Openmet People t\u2019<strong>ajudem a gestionar i diagnosticar<\/strong> gran part de la informaci\u00f3 clau per al bon funcionament del capital hum\u00e0 de la companyia. <br>T\u2019<strong>ajudem a maximitzar l\u2019\u00e8xit en els teus projectes<\/strong> gr\u00e0cies a la combinaci\u00f3 de la nostra experi\u00e8ncia, know-how i software.<\/p>\n\n\n\n<div class=\"wp-block-getwid-advanced-spacer\" style=\"height:20px\" aria-hidden=\"true\"><\/div>\n\n\n\n<div class=\"wp-block-columns is-layout-flex wp-container-core-columns-is-layout-9d6595d7 wp-block-columns-is-layout-flex\">\n<div class=\"wp-block-column is-vertically-aligned-center is-layout-flow wp-block-column-is-layout-flow\">\n<p class=\"has-text-align-right has-text-color has-medium-font-size\" style=\"color:#0d99cc\"><strong>Per qu\u00e8 no comencem?<\/strong><\/p>\n<\/div>\n\n\n\n<div class=\"wp-block-column is-vertically-aligned-center alignleft is-layout-flow wp-block-column-is-layout-flow\">\n<div class=\"wp-block-buttons is-layout-flex wp-block-buttons-is-layout-flex\">\n<div class=\"wp-block-button has-custom-font-size chevron-right is-style-fill has-small-font-size\"><a class=\"wp-block-button__link has-white-color has-text-color has-background wp-element-button\" href=\"\/ca\/contacta\/\" style=\"background-color:#0d99cc\"><strong>contacta amb Openmet Group<\/strong><\/a><\/div>\n<\/div>\n<\/div>\n<\/div>\n<\/div><\/div><\/div><\/div><\/div>\n<\/div><\/div><\/div><\/div><\/div>\n","protected":false},"excerpt":{"rendered":"<p>La capacitaci\u00f3 de les persones que formen part dels RH de la teva empresa \u00e9s un dels punts que poden marcar la difer\u00e8ncia com a empresa competitiva. La formaci\u00f3 continuada \u00e9s una de les claus de l&#8217;\u00e8xit del negoci. L&#8217;avaluaci\u00f3 de les necessitats formatives pot partir de dos escenaris diferents: la detecci\u00f3 de necessitats formatives (mitjan\u00e7ant assessments, ex\u00e0mens, avaluacions competencials, etc.) o l&#8217;impacte de la formaci\u00f3 en les persones i l&#8217;organitzaci\u00f3&#8230;.<\/p>\n<p><a class=\"openmet-read-more-link\" href=\"https:\/\/www.openmet.com\/ca\/openmet-people\/assessments-i-diagnostics\/\">Llegir m\u00e9s<\/a><\/p>\n","protected":false},"author":6,"featured_media":13720,"parent":14530,"menu_order":60,"comment_status":"open","ping_status":"closed","template":"page-business-line.php","meta":{"inline_featured_image":false,"ub_ctt_via":"","footnotes":""},"class_list":["post-14766","page","type-page","status-publish","has-post-thumbnail","hentry"],"featured_image_src":"https:\/\/www.openmet.com\/wp-content\/uploads\/2021\/09\/assessments.svg","_links":{"self":[{"href":"https:\/\/www.openmet.com\/ca\/wp-json\/wp\/v2\/pages\/14766","targetHints":{"allow":["GET"]}}],"collection":[{"href":"https:\/\/www.openmet.com\/ca\/wp-json\/wp\/v2\/pages"}],"about":[{"href":"https:\/\/www.openmet.com\/ca\/wp-json\/wp\/v2\/types\/page"}],"author":[{"embeddable":true,"href":"https:\/\/www.openmet.com\/ca\/wp-json\/wp\/v2\/users\/6"}],"replies":[{"embeddable":true,"href":"https:\/\/www.openmet.com\/ca\/wp-json\/wp\/v2\/comments?post=14766"}],"version-history":[{"count":15,"href":"https:\/\/www.openmet.com\/ca\/wp-json\/wp\/v2\/pages\/14766\/revisions"}],"predecessor-version":[{"id":17472,"href":"https:\/\/www.openmet.com\/ca\/wp-json\/wp\/v2\/pages\/14766\/revisions\/17472"}],"up":[{"embeddable":true,"href":"https:\/\/www.openmet.com\/ca\/wp-json\/wp\/v2\/pages\/14530"}],"wp:featuredmedia":[{"embeddable":true,"href":"https:\/\/www.openmet.com\/ca\/wp-json\/wp\/v2\/media\/13720"}],"wp:attachment":[{"href":"https:\/\/www.openmet.com\/ca\/wp-json\/wp\/v2\/media?parent=14766"}],"curies":[{"name":"wp","href":"https:\/\/api.w.org\/{rel}","templated":true}]}}