{"id":14877,"date":"2015-08-28T14:05:55","date_gmt":"2015-08-28T12:05:55","guid":{"rendered":"https:\/\/www.openmet.com\/openmet-customers\/estudios-de-mercado\/"},"modified":"2024-11-28T10:58:18","modified_gmt":"2024-11-28T08:58:18","slug":"estudis-de-mercat","status":"publish","type":"page","link":"https:\/\/www.openmet.com\/ca\/openmet-customers\/estudis-de-mercat\/","title":{"rendered":"Estudis de mercat"},"content":{"rendered":"\n<div class=\"wp-block-group\"><div class=\"wp-block-group__inner-container is-layout-flow wp-block-group-is-layout-flow\">\n<p class=\"customers-badge\">Openmet Customers<\/p>\n<\/div><\/div>\n\n\n\n<div class=\"wp-block-getwid-section has-inner-blocks-gap-none getwid-margin-top-none getwid-section-content-full-width\" style=\"margin-bottom:80px\"><div class=\"wp-block-getwid-section__wrapper getwid-padding-top-none getwid-padding-bottom-none getwid-padding-left-none getwid-padding-right-none getwid-margin-left-none getwid-margin-right-none getwid-justify-content-flex-start\"><div class=\"wp-block-getwid-section__inner-wrapper\"><div class=\"wp-block-getwid-section__background-holder\"><div class=\"wp-block-getwid-section__background\"><\/div><div class=\"wp-block-getwid-section__foreground\"><\/div><\/div><div class=\"wp-block-getwid-section__content\"><div class=\"wp-block-getwid-section__inner-content\">\n<div class=\"wp-block-media-text alignwide has-media-on-the-right is-stacked-on-mobile is-vertically-aligned-center\" style=\"grid-template-columns:auto 45%\"><div class=\"wp-block-media-text__content\">\n<h1 class=\"wp-block-heading font-weight-bolder pr-5 has-huge-font-size\">Estudis de mercat<\/h1>\n\n\n\n<p class=\"pr-5 pt-3 font-weight-light\">Con\u00e8ixer qu\u00e8 necessiten, opinen o senten els clients que utilitzen un producte o servei \u00e9s fonamental per a prendre decisions de negoci encertades.<\/p>\n\n\n\n<div class=\"wp-block-buttons has-custom-font-size animated pulse is-content-justification-left is-layout-flex wp-container-core-buttons-is-layout-fdcfc74e wp-block-buttons-is-layout-flex\" style=\"font-size:8px\">\n<div class=\"wp-block-button has-custom-font-size chevron-right\" style=\"font-size:16px\"><a class=\"wp-block-button__link has-white-color has-text-color has-background wp-element-button\" href=\"\/ca\/contacta\/\" style=\"background-color:#0d99cc\" target=\"_blank\" rel=\"noreferrer noopener\">Contacta amb els nostres experts<\/a><\/div>\n<\/div>\n<\/div><figure class=\"wp-block-media-text__media\"><img decoding=\"async\" src=\"https:\/\/www.openmet.com\/wp-content\/uploads\/2021\/09\/openmet-customers.svg\" alt=\"openmet customers\" class=\"wp-image-13735 size-full\"\/><\/figure><\/div>\n<\/div><\/div><\/div><\/div><\/div>\n\n\n\n<h2 class=\"wp-block-heading\">Com fer un bon estudi de mercat?<\/h2>\n\n\n\n<h3 class=\"wp-block-heading\">Canals i t\u00e8cniques de recerca per a aconseguir dades fiables de clients per a la presa de decisions<\/h3>\n\n\n\n<p>Els estudis de mercat de Openmet posen a la teva disposici\u00f3 tot tipus de canals i t\u00e8cniques de recerca per a aconseguir dades fiables amb les quals obtenir aquest coneixement:<\/p>\n\n\n\n<div class=\"wp-block-columns is-layout-flex wp-container-core-columns-is-layout-9d6595d7 wp-block-columns-is-layout-flex\">\n<div class=\"wp-block-column is-layout-flow wp-block-column-is-layout-flow\">\n<h4 class=\"wp-block-heading\">Recerca Quantitativa<\/h4>\n\n\n\n<ul class=\"wp-block-list checked customers\">\n<li>Enquestes electr\u00f2niques \/ online<\/li>\n\n\n\n<li>Enquestes telef\u00f2niques CATI<\/li>\n\n\n\n<li>Enquestes via panel online<\/li>\n\n\n\n<li>Enquestes cara a cara<\/li>\n\n\n\n<li>Codis QR<\/li>\n\n\n\n<li>Enquestes per SMS \/ WhatsApp<\/li>\n\n\n\n<li>Enquestes i formularis en paper (processament amb scanner)<\/li>\n<\/ul>\n<\/div>\n\n\n\n<div class=\"wp-block-column is-layout-flow wp-block-column-is-layout-flow\">\n<h4 class=\"wp-block-heading\">Recerca Qualitativa<\/h4>\n\n\n\n<ul class=\"wp-block-list checked customers\">\n<li>Entrevistes amb clients<\/li>\n\n\n\n<li>Focus Groups<\/li>\n<\/ul>\n<\/div>\n<\/div>\n\n\n\n<div class=\"wp-block-getwid-advanced-spacer\" style=\"height:40px\" aria-hidden=\"true\"><\/div>\n\n\n\n<div class=\"wp-block-columns is-layout-flex wp-container-core-columns-is-layout-9d6595d7 wp-block-columns-is-layout-flex\">\n<div class=\"wp-block-column is-layout-flow wp-block-column-is-layout-flow\">\n<h3 class=\"wp-block-heading\">Objectius d&#8217;un estudi de mercat i resultats desitjats<\/h3>\n\n\n\n<ul style=\"background-color:#f5f8fc\" class=\"wp-block-list checked customers has-background\">\n<li>Obtenir feedback, opinions i dades dels clients que siguin rellevants, rigorosos i pel canal que sigui m\u00e9s adequat<\/li>\n\n\n\n<li>Realitzar estudis d&#8217;imatge i coneixement de marca (branding), estudis de preu, estudis sobre nous productes o d&#8217;altres per poder prendre millors decisions<\/li>\n\n\n\n<li>Comptar amb KPIs, m\u00e8triques, indicadors i dades objectives per a la presa de decisions<\/li>\n\n\n\n<li>Con\u00e8ixer als clients en profunditat: l&#8217;Experi\u00e8ncia que viuen, la seva Satisfacci\u00f3, les seves Percepcions i el seu Perfil<\/li>\n\n\n\n<li>Quan \u00e9s necessari, dissenyar els processos perqu\u00e8 la captura d&#8217;informaci\u00f3 sigui constant i automatitzada<\/li>\n\n\n\n<li>Augmentar la competitivitat de l&#8217;empresa i els avantatges competitius<\/li>\n\n\n\n<li>Identificar punts de millora, \u00e0rees cr\u00edtiques i oportunitats de negoci<\/li>\n<\/ul>\n<\/div>\n\n\n\n<div class=\"wp-block-column is-layout-flow wp-block-column-is-layout-flow\">\n<h3 class=\"wp-block-heading\">Com treballem un estudi de mercat<\/h3>\n\n\n\n<ul style=\"background-color:#f5f8fc\" class=\"wp-block-list checked customers has-background\">\n<li>Els nostres experts us assessoraran en la metodologia, el q\u00fcestionari, el proc\u00e9s a seguir i el sistema per a obtenir feedback dels clients.<\/li>\n\n\n\n<li>El rigor estad\u00edstic \u00e9s la pedra fundacional de tot bon estudi.<\/li>\n\n\n\n<li>Usem qualsevol canal i tecnologia necess\u00e0ria per a comprendre i parlar amb els clients.<\/li>\n\n\n\n<li>Ens adaptem: realitzem des de projectes petits a grans estudis internacionals i en m\u00faltiples idiomes.<\/li>\n\n\n\n<li>Tens a la teva disposici\u00f3 la plataforma <strong><a href=\"\/ca\/openmet-feedback-manager\/\">Openmet Feedback Manager<\/a><\/strong>, que permet la f\u00e0cil visualitzaci\u00f3 i an\u00e0lisi dels resultats en un entorn de Business Intelligence, des del qual tamb\u00e9 podr\u00e0s crear tot tipus d&#8217;informes autom\u00e0tics<\/li>\n\n\n\n<li>Els nostres experts analitzaran i presentaran els resultats de l&#8217;estudi<\/li>\n\n\n\n<li>T&#8217;acompanyem i ajudem durant tot proc\u00e9s, perqu\u00e8 tot vagi b\u00e9 i obtinguis resultats rellevants que ajudin la teva empresa a millorar<\/li>\n<\/ul>\n<\/div>\n<\/div>\n\n\n\n<hr class=\"wp-block-separator has-text-color has-css-opacity has-background is-style-default alignwide\" style=\"background-color:#999999;color:#999999\"\/>\n\n\n\n<div class=\"wp-block-getwid-advanced-spacer\" style=\"height:40px\" aria-hidden=\"true\"><\/div>\n\n\n\n<div class=\"wp-block-group mb-2 animated fadeInUp\"><div class=\"wp-block-group__inner-container is-layout-flow wp-block-group-is-layout-flow\">\n<h2 class=\"wp-block-heading display-3\">Blog<\/h2>\n\n\n\n<p class=\"has-text-align-left alignleft has-text-color\" style=\"color:#999999\">Si vols con\u00e8ixer m\u00e9s, a Openmet Group redactem articles propis per ajudar-te a fer cr\u00e9ixer el teu negoci <\/p>\n\n\n\n<div class=\"wp-block-buttons is-layout-flex wp-block-buttons-is-layout-flex\">\n<div class=\"wp-block-button has-custom-font-size chevron-right has-small-font-size\"><a class=\"wp-block-button__link has-white-color has-text-color has-background wp-element-button\" href=\"\/ca\/blog\" style=\"background-color:#0d99cc\">veure-ho tot<\/a><\/div>\n<\/div>\n<\/div><\/div>\n\n\n\n<div class=\"wp-block-getwid-advanced-spacer\" style=\"height:10px\" aria-hidden=\"true\"><\/div>\n\n\n        <div class=\"wp-block-getwid-custom-post-type custom-post-type-post has-layout-grid has-spacing-normal\">\n            <div class=\"wp-block-getwid-custom-post-type__wrapper getwid-columns getwid-columns-3\">\n                \t\t\t\t\t\t\t\t<div class='wp-block-getwid-custom-post-type__post'>\n\t\t\t\t\t\t\t\t\t\n<div class=\"wp-block-group blog-post-grid\"><div class=\"wp-block-group__inner-container is-layout-flow wp-block-group-is-layout-flow\">\n<div class=\"wp-block-getwid-template-post-featured-image aligncenter\" >\n            <a href=\"https:\/\/www.openmet.com\/ca\/com-augmentar-participacio-enquestes-satisfaccio\/\">\n        <img loading=\"lazy\" decoding=\"async\" width=\"640\" height=\"364\" src=\"https:\/\/www.openmet.com\/wp-content\/uploads\/2022\/07\/enquestes-satisfaccio-768x437.jpg\" class=\"attachment-medium_large size-medium_large wp-post-image\" alt=\"Com podem augmentar la participaci\u00f3 dels clients a les enquestes de satisfacci\u00f3?\" srcset=\"https:\/\/www.openmet.com\/wp-content\/uploads\/2022\/07\/enquestes-satisfaccio-768x437.jpg 768w, https:\/\/www.openmet.com\/wp-content\/uploads\/2022\/07\/enquestes-satisfaccio-300x171.jpg 300w, https:\/\/www.openmet.com\/wp-content\/uploads\/2022\/07\/enquestes-satisfaccio-1024x583.jpg 1024w, https:\/\/www.openmet.com\/wp-content\/uploads\/2022\/07\/enquestes-satisfaccio.jpg 1200w\" sizes=\"auto, (max-width: 640px) 100vw, 640px\" \/>            <\/a>\n    <\/div>\n\n\n\n<h3 class=\"wp-block-getwid-template-post-title h4\"><a class=\"wp-block-getwid-template-post-title__link\" href=\"https:\/\/www.openmet.com\/ca\/com-augmentar-participacio-enquestes-satisfaccio\/\">Com podem augmentar la participaci\u00f3 dels clients a les enquestes de satisfacci\u00f3?<\/a><\/h3>\n\n\n<div class=\"wp-block-getwid-template-post-meta has-direction-row\" >\n    \n\n<div class=\"wp-block-getwid-template-post-categories has-text-color\"  style=\"color:#999999;\" >\n        <a href=\"https:\/\/www.openmet.com\/ca\/category\/openmet-customersca\/\" rel=\"category tag\">Openmet Customers<\/a> <a href=\"https:\/\/www.openmet.com\/ca\/category\/satisfaccio-de-clients\/\" rel=\"category tag\">Satisfacci\u00f3 de Clients<\/a><\/div>\n<\/div>\n\n\n\n<div class=\"wp-block-getwid-template-post-content is-excerpt\" ><p>Abans d&#8217;entrar en mat\u00e8ria en con\u00e8ixer els nostres tips per augmentar la participaci\u00f3 en enquestes de satisfacci\u00f3, volem parlar una mica sobre la situaci\u00f3 actual en la que ens trobem.&hellip;<\/p><\/div>\n\n\n\n<p><\/p>\n<\/div><\/div>\n\t\t\t\t\t\t\t\t<\/div>\n\t\t\t\t\t\t\t\t\t\t\t\t\t\t\t<div class='wp-block-getwid-custom-post-type__post'>\n\t\t\t\t\t\t\t\t\t\n<div class=\"wp-block-group blog-post-grid\"><div class=\"wp-block-group__inner-container is-layout-flow wp-block-group-is-layout-flow\">\n<div class=\"wp-block-getwid-template-post-featured-image aligncenter\" >\n            <a href=\"https:\/\/www.openmet.com\/ca\/enquestes-amb-rotacio-de-preguntes\/\">\n        <img loading=\"lazy\" decoding=\"async\" width=\"640\" height=\"371\" src=\"https:\/\/www.openmet.com\/wp-content\/uploads\/2017\/05\/enquestes-rotacio-preguntes-1.jpeg\" class=\"attachment-medium_large size-medium_large wp-post-image\" alt=\"Enquestes amb rotaci\u00f3 de preguntes\" srcset=\"https:\/\/www.openmet.com\/wp-content\/uploads\/2017\/05\/enquestes-rotacio-preguntes-1.jpeg 649w, https:\/\/www.openmet.com\/wp-content\/uploads\/2017\/05\/enquestes-rotacio-preguntes-1-300x174.jpeg 300w, https:\/\/www.openmet.com\/wp-content\/uploads\/2017\/05\/enquestes-rotacio-preguntes-1-100x58.jpeg 100w\" sizes=\"auto, (max-width: 640px) 100vw, 640px\" \/>            <\/a>\n    <\/div>\n\n\n\n<h3 class=\"wp-block-getwid-template-post-title h4\"><a class=\"wp-block-getwid-template-post-title__link\" href=\"https:\/\/www.openmet.com\/ca\/enquestes-amb-rotacio-de-preguntes\/\">Enquestes amb rotaci\u00f3 de preguntes<\/a><\/h3>\n\n\n<div class=\"wp-block-getwid-template-post-meta has-direction-row\" >\n    \n\n<div class=\"wp-block-getwid-template-post-categories has-text-color\"  style=\"color:#999999;\" >\n        <a href=\"https:\/\/www.openmet.com\/ca\/category\/openmet-customersca\/\" rel=\"category tag\">Openmet Customers<\/a> <a href=\"https:\/\/www.openmet.com\/ca\/category\/openmet-feedback-manager\/\" rel=\"category tag\">Openmet Feedback Manager<\/a> <a href=\"https:\/\/www.openmet.com\/ca\/category\/satisfaccio-de-clients\/\" rel=\"category tag\">Satisfacci\u00f3 de Clients<\/a><\/div>\n<\/div>\n\n\n\n<div class=\"wp-block-getwid-template-post-content is-excerpt\" ><p>Un dels reptes m\u00e9s importants amb qu\u00e8 ens enfrontem a Openmet a l\u2019hora de fer enquestes a clients \u00e9s la necessitat que les enquestes siguin curtes. En general, el temps&hellip;<\/p><\/div>\n\n\n\n<p><\/p>\n<\/div><\/div>\n\t\t\t\t\t\t\t\t<\/div>\n\t\t\t\t\t\t\t\t\t\t\t\t\t\t\t<div class='wp-block-getwid-custom-post-type__post'>\n\t\t\t\t\t\t\t\t\t\n<div class=\"wp-block-group blog-post-grid\"><div class=\"wp-block-group__inner-container is-layout-flow wp-block-group-is-layout-flow\">\n<div class=\"wp-block-getwid-template-post-featured-image aligncenter\" >\n            <a href=\"https:\/\/www.openmet.com\/ca\/enquesta-de-satisfaccio-com-triar-tipus\/\">\n        <img loading=\"lazy\" decoding=\"async\" width=\"640\" height=\"384\" src=\"https:\/\/www.openmet.com\/wp-content\/uploads\/2016\/07\/enquesta-de-satisfaccio\u0301-768x461.jpg\" class=\"attachment-medium_large size-medium_large wp-post-image\" alt=\"Enquesta de satisfacci\u00f3: com triar el tipus m\u00e9s convenient per a cada cas.\" srcset=\"https:\/\/www.openmet.com\/wp-content\/uploads\/2016\/07\/enquesta-de-satisfaccio\u0301.jpg 768w, https:\/\/www.openmet.com\/wp-content\/uploads\/2016\/07\/enquesta-de-satisfaccio\u0301-300x180.jpg 300w, https:\/\/www.openmet.com\/wp-content\/uploads\/2016\/07\/enquesta-de-satisfaccio\u0301-100x60.jpg 100w\" sizes=\"auto, (max-width: 640px) 100vw, 640px\" \/>            <\/a>\n    <\/div>\n\n\n\n<h3 class=\"wp-block-getwid-template-post-title h4\"><a class=\"wp-block-getwid-template-post-title__link\" href=\"https:\/\/www.openmet.com\/ca\/enquesta-de-satisfaccio-com-triar-tipus\/\">Enquesta de satisfacci\u00f3: com triar el tipus m\u00e9s convenient per a cada cas.<\/a><\/h3>\n\n\n<div class=\"wp-block-getwid-template-post-meta has-direction-row\" >\n    \n\n<div class=\"wp-block-getwid-template-post-categories has-text-color\"  style=\"color:#999999;\" >\n        <a href=\"https:\/\/www.openmet.com\/ca\/category\/openmet-customersca\/\" rel=\"category tag\">Openmet Customers<\/a> <a href=\"https:\/\/www.openmet.com\/ca\/category\/satisfaccio-de-clients\/\" rel=\"category tag\">Satisfacci\u00f3 de Clients<\/a><\/div>\n<\/div>\n\n\n\n<div class=\"wp-block-getwid-template-post-content is-excerpt\" ><p>Quan els nostres clients ens demanen ajut per a realitzar els seus projectes d\u2019avaluaci\u00f3 de la satisfacci\u00f3 o experi\u00e8ncia dels seus clients, hi ha un primer aspecte important que cal&hellip;<\/p><\/div>\n\n\n\n<p><\/p>\n<\/div><\/div>\n\t\t\t\t\t\t\t\t<\/div>\n\t\t\t\t\t\t\t            <\/div>\n\n                    <\/div>\n        \n\n\n<div class=\"wp-block-getwid-section alignfull alignfull getwid-margin-bottom-none getwid-section-content-full-width\" style=\"margin-top:80px\"><div class=\"wp-block-getwid-section__wrapper getwid-padding-top-none getwid-padding-bottom-none getwid-padding-left-none getwid-padding-right-none getwid-margin-left-none getwid-margin-right-none\"><div class=\"wp-block-getwid-section__inner-wrapper\"><div class=\"wp-block-getwid-section__background-holder\"><div class=\"wp-block-getwid-section__background has-background\" style=\"background-color:#f5f8fc\"><\/div><div class=\"wp-block-getwid-section__foreground\"><\/div><\/div><div class=\"wp-block-getwid-section__content\"><div class=\"wp-block-getwid-section__inner-content\">\n<div class=\"wp-block-getwid-section openmet-cta animated fadeInUp getwid-margin-top-none getwid-margin-bottom-none\"><div class=\"wp-block-getwid-section__wrapper getwid-padding-mobile-left-small getwid-padding-mobile-right-small getwid-margin-left-none getwid-margin-right-none\" style=\"padding-top:40px;padding-bottom:80px;padding-left:15%;padding-right:15%\"><div class=\"wp-block-getwid-section__inner-wrapper\"><div class=\"wp-block-getwid-section__background-holder\"><div class=\"wp-block-getwid-section__background\"><\/div><div class=\"wp-block-getwid-section__foreground\"><\/div><\/div><div class=\"wp-block-getwid-section__content\"><div class=\"wp-block-getwid-section__inner-content\">\n<div class=\"wp-block-image\"><figure class=\"aligncenter size-full is-resized\"><img loading=\"lazy\" decoding=\"async\" src=\"https:\/\/www.openmet.com\/wp-content\/uploads\/2021\/09\/smile.png\" alt=\"\" class=\"wp-image-13585\" width=\"48\" height=\"48\"><\/figure><\/div>\n\n\n\n<p class=\"has-text-align-center h3\" style=\"font-size:30px\">Com et podem ajudar?<\/p>\n\n\n\n<div class=\"wp-block-getwid-advanced-spacer\" style=\"height:20px\" aria-hidden=\"true\"><\/div>\n\n\n\n<p class=\"has-text-align-center\">Des d\u2019<strong>Openmet Customers<\/strong> t\u2019ajudem a gestionar i diagnosticar gran part de la informaci\u00f3 clau per a con\u00e8ixer i comprendre millor els teus clients. Des d\u2019Openmet Customers maximitzem l\u2019\u00e8xit dels teus projectes gr\u00e0cies a la combinaci\u00f3 del nostre know-how i l\u2019ajuda dels nostres consultors i especialistes, a m\u00e9s a m\u00e9s del nostre software <a href=\"\/ca\/openmet-feedback-manager\/\">Openmet Feedback Manager<\/a>: E-Surveys (captura de dades electr\u00f2nica) + KPIs (quadres de comanament i indicadors) + Business Intelligence (entorn d\u2019an\u00e0lisi de resultats).<\/p>\n\n\n\n<div class=\"wp-block-getwid-advanced-spacer\" style=\"height:20px\" aria-hidden=\"true\"><\/div>\n\n\n\n<div class=\"wp-block-columns is-layout-flex wp-container-core-columns-is-layout-9d6595d7 wp-block-columns-is-layout-flex\">\n<div class=\"wp-block-column is-vertically-aligned-center is-layout-flow wp-block-column-is-layout-flow\">\n<p class=\"has-text-align-right has-text-color has-medium-font-size\" style=\"color:#0d99cc\"><strong>Per qu\u00e8 no comencem?<\/strong><\/p>\n<\/div>\n\n\n\n<div class=\"wp-block-column is-vertically-aligned-center alignleft is-layout-flow wp-block-column-is-layout-flow\">\n<div class=\"wp-block-buttons is-layout-flex wp-block-buttons-is-layout-flex\">\n<div class=\"wp-block-button has-custom-font-size chevron-right is-style-fill has-small-font-size\"><a class=\"wp-block-button__link has-white-color has-text-color has-background\" href=\"\/ca\/contacta\/\" style=\"background-color:#0d99cc\"><strong>contacta amb Openmet Group<\/strong><\/a><\/div>\n<\/div>\n<\/div>\n<\/div>\n<\/div><\/div><\/div><\/div><\/div>\n<\/div><\/div><\/div><\/div><\/div>\n","protected":false},"excerpt":{"rendered":"<p>Con\u00e8ixer qu\u00e8 necessiten, opinen o senten els clients que utilitzen un producte o servei \u00e9s fonamental per a prendre decisions de negoci encertades. Els estudis de mercat de Openmet posen a la teva disposici\u00f3 tot tipus de canals i t\u00e8cniques de recerca per a enquestar, preguntar i aconseguir dades fiables amb els quals obtenir aquest coneixement&#8230;.<\/p>\n<p><a class=\"openmet-read-more-link\" href=\"https:\/\/www.openmet.com\/ca\/openmet-customers\/estudis-de-mercat\/\">Llegir m\u00e9s<\/a><\/p>\n","protected":false},"author":6,"featured_media":13792,"parent":14803,"menu_order":83,"comment_status":"closed","ping_status":"closed","template":"","meta":{"inline_featured_image":false,"ub_ctt_via":"","footnotes":""},"class_list":["post-14877","page","type-page","status-publish","has-post-thumbnail","hentry"],"featured_image_src":"https:\/\/www.openmet.com\/wp-content\/uploads\/2021\/09\/estudios-mercado.svg","_links":{"self":[{"href":"https:\/\/www.openmet.com\/ca\/wp-json\/wp\/v2\/pages\/14877","targetHints":{"allow":["GET"]}}],"collection":[{"href":"https:\/\/www.openmet.com\/ca\/wp-json\/wp\/v2\/pages"}],"about":[{"href":"https:\/\/www.openmet.com\/ca\/wp-json\/wp\/v2\/types\/page"}],"author":[{"embeddable":true,"href":"https:\/\/www.openmet.com\/ca\/wp-json\/wp\/v2\/users\/6"}],"replies":[{"embeddable":true,"href":"https:\/\/www.openmet.com\/ca\/wp-json\/wp\/v2\/comments?post=14877"}],"version-history":[{"count":10,"href":"https:\/\/www.openmet.com\/ca\/wp-json\/wp\/v2\/pages\/14877\/revisions"}],"predecessor-version":[{"id":18975,"href":"https:\/\/www.openmet.com\/ca\/wp-json\/wp\/v2\/pages\/14877\/revisions\/18975"}],"up":[{"embeddable":true,"href":"https:\/\/www.openmet.com\/ca\/wp-json\/wp\/v2\/pages\/14803"}],"wp:featuredmedia":[{"embeddable":true,"href":"https:\/\/www.openmet.com\/ca\/wp-json\/wp\/v2\/media\/13792"}],"wp:attachment":[{"href":"https:\/\/www.openmet.com\/ca\/wp-json\/wp\/v2\/media?parent=14877"}],"curies":[{"name":"wp","href":"https:\/\/api.w.org\/{rel}","templated":true}]}}