{"id":14940,"date":"2018-05-24T08:57:42","date_gmt":"2018-05-24T06:57:42","guid":{"rendered":"https:\/\/www.openmet.com\/politica-de-privacidad\/"},"modified":"2021-11-12T13:43:40","modified_gmt":"2021-11-12T11:43:40","slug":"politica-de-privacitat","status":"publish","type":"page","link":"https:\/\/www.openmet.com\/ca\/politica-de-privacitat\/","title":{"rendered":"Pol\u00edtica de privacitat"},"content":{"rendered":"\n<p><strong>1. Responsable<\/strong><\/p>\n\n\n\n<p>El Responsable del tractament de les dades recaptades per mitj\u00e0 d&#8217;aquest Lloc web \u00e9s OPEN MET, S.L. (d&#8217;ara endavant, \u201cOPEN MET\u201d), amb domicili en c\/ Gran Via de les Corts Catalans, 523 3r 1a, 08011 Barcelona i correu electr\u00f2nic de contacte info@openmet.com.<\/p>\n\n\n\n<p><strong>2. Finalitat<\/strong><\/p>\n\n\n\n<p>Les dades personals facilitades a OPEN MET per mitj\u00e0 d&#8217;aquest Lloc web es tractaran per a la seg\u00fcents finalitats:<\/p>\n\n\n\n<p>\u2022 Possibilitar el manteniment, desenvolupament i gesti\u00f3 de la relaci\u00f3 negocial formalitzada per la contractaci\u00f3 de productes i\/o serveis a trav\u00e9s d&#8217;aquest Lloc web. La base jur\u00eddica del tractament \u00e9s: a) quan l&#8217;interessat sigui un treballador per compte propi o aut\u00f2nom, l&#8217;execuci\u00f3 d&#8217;un contracte en el qual l&#8217;interessat \u00e9s part i b) quan l&#8217;interessat presti els seus serveis per a una persona jur\u00eddica (persones de contacte) l&#8217;inter\u00e8s leg\u00edtim de OPEN MET de contactar amb la persona jur\u00eddica per mitj\u00e0 de les seves persones de contacte. Les dades tractades amb aquesta finalitat es conservaran mentre es mantingui aquesta relaci\u00f3 negocial i, una vegada finalitzada aquesta, durant els terminis de conservaci\u00f3 i de prescripci\u00f3 de responsabilitats legalment previstos.<\/p>\n\n\n\n<p>\u2022 Atendre les sol\u00b7licituds d&#8217;informaci\u00f3 i\/o consultes efectuades per l&#8217;interessat. La base jur\u00eddica del tractament \u00e9s: a) el consentiment de l&#8217;interessat quan la sol\u00b7licitud es realitzi per mitj\u00e0 de formulari i b) l&#8217;inter\u00e8s leg\u00edtim de OPEN MET a donar resposta a la sol\u00b7licitud d&#8217;informaci\u00f3 i\/o consultes quan les mateixes siguin remeses a qualsevol adre\u00e7a de correu electr\u00f2nic de OPEN MET. Les dades tractades amb aquesta finalitat es conservaran fins a haver donat resposta a la sol\u00b7licitud d&#8217;informaci\u00f3 i\/o consulta i, despr\u00e9s d&#8217;aix\u00f2, durant els terminis de conservaci\u00f3 i de prescripci\u00f3 de responsabilitats legalment previstos.<\/p>\n\n\n\n<p>\u2022 Mantenir informat als clients que contractin amb OPEN MET, fins i tot per mitjans electr\u00f2nics, sobre els productes, serveis i novetats de OPEN MET. La base jur\u00eddica del tractament \u00e9s el consentiment. Les dades tractades amb aquesta finalitat es conservaran fins al moment en qu\u00e8 l&#8217;interessat retiri el seu consentiment. Si l&#8217;interessat no consent el tractament de les seves dades amb aquesta finalitat, haur\u00e0 d&#8217;exercir el seu dret d&#8217;oposici\u00f3 davant OPEN MET mitjan\u00e7ant correu electr\u00f2nic dirigit a info@openmet.com o b\u00e9 mitjan\u00e7ant escrit dirigit a OPEN MET, c\/ Gran Via de les Corts Catalans, 523 3r 1a, 08011 Barcelona.<\/p>\n\n\n\n<p>\u2022 Subscripci\u00f3 de qualsevol usuari a butlletins informatius i\/o newsletter enviats per mitjans electr\u00f2nics. La base jur\u00eddica del tractament \u00e9s el consentiment de l&#8217;interessat. Per a l&#8217;obtenci\u00f3 del seu consentiment, l&#8217;usuari haur\u00e0 de marcar les caselles habilitades a aquest efecte. Les dades tractades amb aquesta finalitat es conservaran fins al moment en qu\u00e8 l&#8217;interessat retiri el seu consentiment donat per a la recepci\u00f3 d&#8217;aquestes comunicacions i, despr\u00e9s d&#8217;aix\u00f2, durant els terminis de conservaci\u00f3 i de prescripci\u00f3 de responsabilitats legalment previstos<\/p>\n\n\n\n<p>\u2022 Enviament de curr\u00edculums mitjan\u00e7ant aquest Lloc web. La base jur\u00eddica del tractament \u00e9s: a) el consentiment de l&#8217;interessat quan l&#8217;enviament es realitzi per mitj\u00e0 d&#8217;un formulari o b) l&#8217;inter\u00e8s leg\u00edtim de OPEN MET a atendre la sol\u00b7licitud d&#8217;ocupaci\u00f3 quan es rebi a trav\u00e9s de qualsevol adre\u00e7a de correu electr\u00f2nic de OPEN MET. Les dades tractades amb aquesta finalitat es conservaran fins que l&#8217;Usuari revoqui el seu consentiment o fins a passats 24 mesos des de la seva recepci\u00f3.<\/p>\n\n\n\n<p><strong>3. Destinataris<\/strong><\/p>\n\n\n\n<p>Les dades podran comunicar-se als seg\u00fcents destinataris tercers: Administracions P\u00fabliques per al compliment d&#8217;obligacions legals i entitats banc\u00e0ries per a la gesti\u00f3 de cobraments i pagaments. A m\u00e9s podran comunicar-se a les seg\u00fcents categories d&#8217;encarregats: Prove\u00efdors de comunicacions electr\u00f2niques i ofim\u00e0tica en l\u00ednia, hosting, housing, manteniment inform\u00e0tic, gestoria, comptabilitat, auditoria, assessoria i advocats. Alguns d&#8217;aquests encarregats poden estar situats fora de l&#8217;Espai Econ\u00f2mic Europeu amb els quals OPEN MET adoptar\u00e0 les garanties adequades per a la seguretat en la transfer\u00e8ncia internacional de dades personals.<\/p>\n\n\n\n<p><strong>4. Drets<\/strong><\/p>\n\n\n\n<p>L&#8217;interessat podr\u00e0 exercir en qualsevol moment els drets d&#8217;acc\u00e9s, rectificaci\u00f3, supressi\u00f3, limitaci\u00f3, oposici\u00f3 o portabilitat. D&#8217;igual manera, en els tractaments de les dades de l&#8217;interessat la legitimaci\u00f3 del qual es basi en el consentiment, aquest t\u00e9 el dret a retirar aquest consentiment en qualsevol moment, sense que aix\u00f2 afecti la licitud del tractament basat en el consentiment previ a la seva retirada.<\/p>\n\n\n\n<p>Per a l&#8217;exercici de tals drets, l&#8217;interessat pot enviar la seva sol\u00b7licitud mitjan\u00e7ant correu electr\u00f2nic dirigit a info@openmet.com o b\u00e9 mitjan\u00e7ant escrit dirigit a OPEN MET, c\/ Gran Via de les Corts Catalans, 523 3r 1a, 08011 Barcelona. L&#8217;interessat tindr\u00e0 dret a presentar reclamaci\u00f3 davant l&#8217;autoritat de control si ho estima oport\u00fa.<\/p>\n\n\n\n<div class=\"wp-block-getwid-advanced-spacer\" style=\"height:40px\" aria-hidden=\"true\"><\/div>\n","protected":false},"excerpt":{"rendered":"<p><strong>1. Responsable<\/strong><\/p>\n<p>El Responsable del tractament de les dades recaptades per mitj\u00e0 d&#8217;aquest Lloc web \u00e9s OPEN MET, S.L. (d&#8217;ara endavant, \u201cOPEN MET\u201d), amb domicili en c\/ Gran Via de les Corts Catalans, 523 3r 1a, 08011 Barcelona i correu electr\u00f2nic de contacte info@openmet.com.<\/p>\n<p><strong>2. Finalitat<\/strong><\/p>\n<p>Les dades personals facilitades a OPEN MET per mitj\u00e0 d&#8217;aquest Lloc web es tractaran per a la seg\u00fcents finalitats:<\/p>\n<p>\u2022 Possibilitar el manteniment, desenvolupament i gesti\u00f3 de la relaci\u00f3 negocial formalitzada per la contractaci\u00f3 de productes i\/o serveis a trav\u00e9s d&#8217;aquest Lloc web. La base jur\u00eddica del tractament \u00e9s: a) quan l&#8217;interessat sigui un treballador per compte propi o aut\u00f2nom, l&#8217;execuci\u00f3 d&#8217;un contracte en el qual l&#8217;interessat \u00e9s part i b) quan l&#8217;interessat presti els seus serveis per a una persona jur\u00eddica (persones de contacte) l&#8217;inter\u00e8s leg\u00edtim de OPEN MET de contactar amb la persona jur\u00eddica per mitj\u00e0 de les seves persones de contacte. Les dades tractades amb aquesta finalitat es conservaran mentre es mantingui aquesta relaci\u00f3 negocial i, una vegada finalitzada aquesta, durant els terminis de conservaci\u00f3 i de prescripci\u00f3 de responsabilitats legalment previstos.<\/p>\n<p>\u2022 Atendre les sol\u00b7licituds d&#8217;informaci\u00f3 i\/o consultes efectuades per l&#8217;interessat. La base jur\u00eddica del tractament \u00e9s: a) el consentiment de l&#8217;interessat quan la sol\u00b7licitud es realitzi per mitj\u00e0 de formulari i b) l&#8217;inter\u00e8s leg\u00edtim de OPEN MET a donar resposta a la sol\u00b7licitud d&#8217;informaci\u00f3 i\/o consultes quan les mateixes siguin remeses a qualsevol adre\u00e7a de correu electr\u00f2nic de OPEN MET. Les dades tractades amb aquesta finalitat es conservaran fins a haver donat resposta a la sol\u00b7licitud d&#8217;informaci\u00f3 i\/o consulta i, despr\u00e9s d&#8217;aix\u00f2, durant els terminis de conservaci\u00f3 i de prescripci\u00f3 de responsabilitats legalment previstos.<\/p>\n<p>\u2022 Mantenir informat als clients que contractin amb OPEN MET, fins i tot per mitjans electr\u00f2nics, sobre els productes, serveis i novetats de OPEN MET. La base jur\u00eddica del tractament \u00e9s el consentiment. Les dades tractades amb aquesta finalitat es conservaran fins al moment en qu\u00e8 l&#8217;interessat retiri el seu consentiment. Si l&#8217;interessat no consent el tractament de les seves dades amb aquesta finalitat, haur\u00e0 d&#8217;exercir el seu dret d&#8217;oposici\u00f3 davant OPEN MET mitjan\u00e7ant correu electr\u00f2nic dirigit a info@openmet.com o b\u00e9 mitjan\u00e7ant escrit dirigit a OPEN MET, c\/ Gran Via de les Corts Catalans, 523 3r 1a, 08011 Barcelona.<\/p>\n<p>\u2022 Subscripci\u00f3 de qualsevol usuari a butlletins informatius i\/o newsletter enviats per mitjans electr\u00f2nics. La base jur\u00eddica del tractament \u00e9s el consentiment de l&#8217;interessat. Per a l&#8217;obtenci\u00f3 del seu consentiment, l&#8217;usuari haur\u00e0 de marcar les caselles habilitades a aquest efecte. Les dades tractades amb aquesta finalitat es conservaran fins al moment en qu\u00e8 l&#8217;interessat retiri el seu consentiment donat per a la recepci\u00f3 d&#8217;aquestes comunicacions i, despr\u00e9s d&#8217;aix\u00f2, durant els terminis de conservaci\u00f3 i de prescripci\u00f3 de responsabilitats legalment previstos<\/p>\n<p>\u2022 Enviament de curr\u00edculums mitjan\u00e7ant aquest Lloc web. La base jur\u00eddica del tractament \u00e9s: a) el consentiment de l&#8217;interessat quan l&#8217;enviament es realitzi per mitj\u00e0 d&#8217;un formulari o b) l&#8217;inter\u00e8s leg\u00edtim de OPEN MET a atendre la sol\u00b7licitud d&#8217;ocupaci\u00f3 quan es rebi a trav\u00e9s de qualsevol adre\u00e7a de correu electr\u00f2nic de OPEN MET. Les dades tractades amb aquesta finalitat es conservaran fins que l&#8217;Usuari revoqui el seu consentiment o fins a passats 24 mesos des de la seva recepci\u00f3.<\/p>\n<p><strong>3. Destinataris<\/strong><\/p>\n<p>Les dades podran comunicar-se als seg\u00fcents destinataris tercers: Administracions P\u00fabliques per al compliment d&#8217;obligacions legals i entitats banc\u00e0ries per a la gesti\u00f3 de cobraments i pagaments. A m\u00e9s podran comunicar-se a les seg\u00fcents categories d&#8217;encarregats: Prove\u00efdors de comunicacions electr\u00f2niques i ofim\u00e0tica en l\u00ednia, hosting, housing, manteniment inform\u00e0tic, gestoria, comptabilitat, auditoria, assessoria i advocats. Alguns d&#8217;aquests encarregats poden estar situats fora de l&#8217;Espai Econ\u00f2mic Europeu amb els quals OPEN MET adoptar\u00e0 les garanties adequades per a la seguretat en la transfer\u00e8ncia internacional de dades personals.<\/p>\n<p><strong>4. Drets<\/strong><\/p>\n<p>L&#8217;interessat podr\u00e0 exercir en qualsevol moment els drets d&#8217;acc\u00e9s, rectificaci\u00f3, supressi\u00f3, limitaci\u00f3, oposici\u00f3 o portabilitat. D&#8217;igual manera, en els tractaments de les dades de l&#8217;interessat la legitimaci\u00f3 del qual es basi en el consentiment, aquest t\u00e9 el dret a retirar aquest consentiment en qualsevol moment, sense que aix\u00f2 afecti la licitud del tractament basat en el consentiment previ a la seva retirada.<\/p>\n<p>Per a l&#8217;exercici de tals drets, l&#8217;interessat pot enviar la seva sol\u00b7licitud mitjan\u00e7ant correu electr\u00f2nic dirigit a info@openmet.com o b\u00e9 mitjan\u00e7ant escrit dirigit a OPEN MET, c\/ Gran Via de les Corts Catalans, 523 3r 1a, 08011 Barcelona. L&#8217;interessat tindr\u00e0 dret a presentar reclamaci\u00f3 davant l&#8217;autoritat de control si ho estima oport\u00fa.<\/p>\n<p>&#8230;<\/p>\n<p><a class=\"openmet-read-more-link\" href=\"https:\/\/www.openmet.com\/ca\/politica-de-privacitat\/\">Llegir m\u00e9s<\/a><\/p>\n","protected":false},"author":5,"featured_media":0,"parent":0,"menu_order":119,"comment_status":"closed","ping_status":"closed","template":"page-with-title.php","meta":{"inline_featured_image":false,"ub_ctt_via":"","footnotes":""},"class_list":["post-14940","page","type-page","status-publish","hentry"],"featured_image_src":null,"_links":{"self":[{"href":"https:\/\/www.openmet.com\/ca\/wp-json\/wp\/v2\/pages\/14940","targetHints":{"allow":["GET"]}}],"collection":[{"href":"https:\/\/www.openmet.com\/ca\/wp-json\/wp\/v2\/pages"}],"about":[{"href":"https:\/\/www.openmet.com\/ca\/wp-json\/wp\/v2\/types\/page"}],"author":[{"embeddable":true,"href":"https:\/\/www.openmet.com\/ca\/wp-json\/wp\/v2\/users\/5"}],"replies":[{"embeddable":true,"href":"https:\/\/www.openmet.com\/ca\/wp-json\/wp\/v2\/comments?post=14940"}],"version-history":[{"count":3,"href":"https:\/\/www.openmet.com\/ca\/wp-json\/wp\/v2\/pages\/14940\/revisions"}],"predecessor-version":[{"id":16173,"href":"https:\/\/www.openmet.com\/ca\/wp-json\/wp\/v2\/pages\/14940\/revisions\/16173"}],"wp:attachment":[{"href":"https:\/\/www.openmet.com\/ca\/wp-json\/wp\/v2\/media?parent=14940"}],"curies":[{"name":"wp","href":"https:\/\/api.w.org\/{rel}","templated":true}]}}