{"id":19063,"date":"2023-09-29T12:38:19","date_gmt":"2023-09-29T10:38:19","guid":{"rendered":"https:\/\/www.openmet.com\/demostracion-encuesta-satisfaccion-clientes\/"},"modified":"2025-02-10T17:23:54","modified_gmt":"2025-02-10T15:23:54","slug":"demostracio-enquesta-satisfaccio-clients","status":"publish","type":"page","link":"https:\/\/www.openmet.com\/ca\/demostracio-enquesta-satisfaccio-clients\/","title":{"rendered":"Demostraci\u00f3 &#8216;Enquesta de Satisfacci\u00f3 de clients&#8217;"},"content":{"rendered":"\n<p><strong>Moltes gr\u00e0cies pel vostre inter\u00e8s a provar la nostra tecnologia. Un cop hagis introdu\u00eft les dades requerides i acceptat la cl\u00e0usula de protecci\u00f3 de dades, rebr\u00e0s un correu electr\u00f2nic a l\u2019adre\u00e7a que ens ha indicat amb el que podr\u00e0s:<\/strong><\/p>\n\n\n\n<ul class=\"wp-block-list\">\n<li><strong>Veure i contestar un o m\u00e9s q\u00fcestionaris de l\u2019enquesta demo seleccionada<\/strong><\/li>\n\n\n\n<li><strong>Accedir al quadre de comandament per veure els resultats<\/strong><\/li>\n<\/ul>\n\n\n\n<p>Si us plau, introdu\u00efu les dades que s\u2019indiquen a continuaci\u00f3 i premeu el bot\u00f3 que apareix al final de la p\u00e0gina per comen\u00e7ar la prova:<\/p>\n\n\n<form name=\"eod_form\" method=\"post\" id=\"eod_form\"  class=\"m-auto mx-md-5 px-md-5 pt-5 position-relative\">\n    <div id=\"demoloader\" style=\"display: none;\">\n        <i class=\"fa fa-4x fa-spinner fa-pulse fa-spin-pulse text-secondary\"><\/i>\n    <\/div>\n    <input type=\"hidden\" value=\"Satisfaction\" id=\"demo\" name=\"demo\">\n    <input type=\"hidden\" value=\"ca\" id=\"demolang\" name=\"demolang\">\n\n    <div class=\"form-group row align-items-center\">\n        <label class=\"lead col-12 col-md-3\">Empresa:<\/label>\n        <div class=\"col-12 col-md-9\">\n            <input name=\"CompanyTBx\" type=\"text\" maxlength=\"42\" id=\"CompanyTBx\" class=\"form-control\" value=\"\" required=\"\">\n        <\/div>\n    <\/div>\n\n    <div class=\"form-group row align-items-center\">\n        <label class=\"lead col-12 col-md-3\">Pa\u00eds:<\/label>\n        <div class=\"col-12 col-md-9\">\n            <input name=\"CountryTBx\" type=\"text\" maxlength=\"42\" id=\"CountryTBx\" class=\"form-control\" value=\"\" required=\"\">\n        <\/div>\n    <\/div>\n\n\n    <div class=\"form-group row align-items-center\">\n        <label class=\"lead col-12 col-md-3\">Nom:<\/label>\n        <div class=\"col-12 col-md-9\">\n            <input name=\"NameTBx\" type=\"text\" maxlength=\"42\" id=\"NameTBx\" class=\"form-control\" value=\"\" required=\"\">\n        <\/div>\n    <\/div>\n\n    <div class=\"form-group row align-items-center\">\n        <label class=\"lead col-12 col-md-3\">Cognoms:<\/label>\n        <div class=\"col-12 col-md-9\">\n            <input name=\"SurnameTBx\" type=\"text\" maxlength=\"42\" id=\"SurnameTBx\" class=\"form-control\" value=\"\" required=\"\">\n        <\/div>\n    <\/div>\n\n    <div class=\"form-group row align-items-center\">\n        <label class=\"lead col-12 col-md-3\">E-mail:<\/label>\n        <div class=\"col-12 col-md-9\">\n            <input name=\"EMailTBx\" type=\"email\" maxlength=\"90\" id=\"EMailTBx\" class=\"form-control\" value=\"\" required=\"\">\n        <\/div>\n    <\/div>\n\n    <div class=\"form-group row align-items-center\">\n        <label class=\"lead col-12 col-md-3\">Tel\u00e8fon de contacte:<\/label>\n        <div class=\"col-12 col-md-9\">\n            <input name=\"PhoneTBx\" type=\"number\" maxlength=\"40\" id=\"PhoneTBx\" class=\"form-control\" value=\"\" required=\"\">\n        <\/div>\n    <\/div>\n\n    <div class=\"form-group align-items-center\">\n        <div class=\"fields_required text-danger\"><b>Tots els camps s\u00f3n obligatoris<\/b><\/div>\n    <\/div>\n\n\n    <hr size=\"1\">\n\n    <div class=\"form-group align-items-baseline mb-0\">\n        <input id=\"AcceptTermsCBox\" type=\"checkbox\" name=\"AcceptTermsCBox\" onclick=\"if ( document.getElementById('AcceptTermsCBox').checked )\n        {\n            document.getElementById('SendDemoDataBtn').disabled = false;\n        }\n        else\n        {\n            document.getElementById('SendDemoDataBtn').disabled = true;\n        };\">\n        <label for=\"AcceptTermsCBox\" class=\"pl-2\">Accepto la <a class=\"privacy-policy-link\" href=\"https:\/\/www.openmet.com\/politica-de-privacidad\/\" rel=\"privacy-policy\">Pol\u00edtica de privacidad<\/a> i <a href=\"https:\/\/www.openmet.com\/ca\/politica-de-cookies\/\" target=\"_blank\" rel=\"noopener\">Pol\u00edtica de Cookies<\/a> <small>(obligatori per realitzar la demostraci\u00f3)<\/small><\/label>\n    <\/div>\n\n    <div class=\"form-group align-items-baseline\">\n        <input id=\"ContactCBox\" type=\"checkbox\" name=\"ContactCBox\">\n        <label for=\"ContactCBox\" class=\"pl-2\">Desitjo que un comercial d&#8217;OpenMet Group es posi en contacte amb mi<\/label>\n    <\/div>\n\n    <div class=\"form-group align-items-center d-flex mt-5\">\n        <input type=\"button\" name=\"SendDemoDataBtn\" id=\"SendDemoDataBtn\" disabled=\"disabled\" onclick=\"javascript:send_openmet_form('Tots els camps s\u00f3n obligatoris');\" class=\"btn btn-primary m-auto\" value=\"Iniciar demostraci\u00f3\">\n    <\/div>\n\n<\/form>\n\n\n<div class=\"modal\" tabindex=\"-1\" role=\"dialog\" id=\"modalerror\">\n    <div class=\"modal-dialog\" role=\"document\">\n        <div class=\"modal-content\">\n            <div class=\"modal-header\">\n                <h5 class=\"modal-title\">Error<\/h5>\n                <button type=\"button\" class=\"close\" data-dismiss=\"modal\" aria-label=\"Close\">\n                    <span aria-hidden=\"true\">&times;<\/span>\n                <\/button>\n            <\/div>\n            <div class=\"modal-body\">\n                <p>S&#8217;ha produ\u00eft un error en intentar enviar el vostre missatge. Si us plau, torna-ho a provar m\u00e9s tard<\/p>\n            <\/div>\n            <div class=\"modal-footer\">\n                <button type=\"button\" class=\"btn btn-secondary\" data-dismiss=\"modal\">Tanca<\/button>\n            <\/div>\n        <\/div>\n    <\/div>\n<\/div>\n\n<div id=\"thankyou\" style=\"display: none;\">\n    <div class=\"thankyou-content d-flex flex-column justify-content-center align-items-center text-center py-5 my-5\">\n                    <div><h3>Gr\u00e0cies!<\/h3><br \/>\r\n&nbsp;<br \/>\r\n<br \/>\r\n<strong>Sol\u00b7licitud de demostraci\u00f3 enviada correctament.<\/strong><br \/>\r\n<strong>Rebr\u00e0s al teu correu electr\u00f2nic un enlla\u00e7 a la demostraci\u00f3.<\/strong><br \/>\r\n<br \/>\r\nSi vols fer una altra prova, si us plau selecciona l&#8217;enlla\u00e7 apropiat:<br \/>\r\n<br \/>\r\n<a href=\"https:\/\/www.openmet.com\/ca\/demostracio-enquesta-satisfaccio-clients\/\">Avaluaci\u00f3 de la satisfacci\u00f3 de clients<\/a><br \/>\r\n<a href=\"https:\/\/www.openmet.com\/ca\/demostracio-enquesta-clima-laboral\/\">Avaluaci\u00f3 del clima laboral<\/a><br \/>\r\n<a href=\"https:\/\/www.openmet.com\/ca\/demostracio-enquesta-avaluacio-competencies\/\">Avaluaci\u00f3 de compet\u00e8ncies<\/a><br \/>\r\n<a href=\"https:\/\/www.openmet.com\/ca\/demostracio-enquesta-experiencia-client\/\">Avaluaci\u00f3 d&#8217;experi\u00e8ncia del client<\/a><br \/>\r\n<a href=\"https:\/\/www.openmet.com\/ca\/demostracio-enquesta-experiencia-empleat\/\">Avaluaci\u00f3 d&#8217;experi\u00e8ncia de l&#8217;empleat<\/a><br \/>\r\n<a href=\"https:\/\/www.openmet.com\/ca\/demostracio-enquesta-nps\/\">Demostraci\u00f3 enquesta NPS\u00ae<\/a><\/div>\n            <\/div>\n<\/div>\n\n\n<div style=\"height:100px\" aria-hidden=\"true\" class=\"wp-block-spacer\"><\/div>\n","protected":false},"excerpt":{"rendered":"<p><strong>Moltes gr\u00e0cies pel vostre inter\u00e8s a provar la nostra tecnologia. Un cop hagis introdu\u00eft les dades requerides i acceptat la cl\u00e0usula de protecci\u00f3 de dades, rebr\u00e0s un correu electr\u00f2nic a l\u2019adre\u00e7a que ens ha indicat amb el que podr\u00e0s:<\/strong><\/p>\n<p>Si us plau, introdu\u00efu les dades que s\u2019indiquen a continuaci\u00f3 i premeu el bot\u00f3 que apareix al final de la p\u00e0gina per comen\u00e7ar la prova:<\/p>\n<p>&#8230;<\/p>\n<p><a class=\"openmet-read-more-link\" href=\"https:\/\/www.openmet.com\/ca\/demostracio-enquesta-satisfaccio-clients\/\">Llegir m\u00e9s<\/a><\/p>\n","protected":false},"author":5,"featured_media":0,"parent":0,"menu_order":3,"comment_status":"closed","ping_status":"closed","template":"page-with-title.php","meta":{"inline_featured_image":false,"ub_ctt_via":"","footnotes":""},"class_list":["post-19063","page","type-page","status-publish","hentry"],"featured_image_src":null,"_links":{"self":[{"href":"https:\/\/www.openmet.com\/ca\/wp-json\/wp\/v2\/pages\/19063","targetHints":{"allow":["GET"]}}],"collection":[{"href":"https:\/\/www.openmet.com\/ca\/wp-json\/wp\/v2\/pages"}],"about":[{"href":"https:\/\/www.openmet.com\/ca\/wp-json\/wp\/v2\/types\/page"}],"author":[{"embeddable":true,"href":"https:\/\/www.openmet.com\/ca\/wp-json\/wp\/v2\/users\/5"}],"replies":[{"embeddable":true,"href":"https:\/\/www.openmet.com\/ca\/wp-json\/wp\/v2\/comments?post=19063"}],"version-history":[{"count":1,"href":"https:\/\/www.openmet.com\/ca\/wp-json\/wp\/v2\/pages\/19063\/revisions"}],"predecessor-version":[{"id":19064,"href":"https:\/\/www.openmet.com\/ca\/wp-json\/wp\/v2\/pages\/19063\/revisions\/19064"}],"wp:attachment":[{"href":"https:\/\/www.openmet.com\/ca\/wp-json\/wp\/v2\/media?parent=19063"}],"curies":[{"name":"wp","href":"https:\/\/api.w.org\/{rel}","templated":true}]}}