{"id":19160,"date":"2025-09-17T16:56:47","date_gmt":"2025-09-17T14:56:47","guid":{"rendered":"https:\/\/www.openmet.com\/?page_id=19160"},"modified":"2025-09-17T16:56:49","modified_gmt":"2025-09-17T14:56:49","slug":"openmet-benestar-laboral","status":"publish","type":"page","link":"https:\/\/www.openmet.com\/ca\/openmet-people\/openmet-benestar-laboral\/","title":{"rendered":"OPENMET BENESTAR free"},"content":{"rendered":"\n<div class=\"wp-block-getwid-section\"><div class=\"wp-block-getwid-section__wrapper\"><div class=\"wp-block-getwid-section__inner-wrapper\"><div class=\"wp-block-getwid-section__background-holder\"><div class=\"wp-block-getwid-section__background\"><\/div><div class=\"wp-block-getwid-section__foreground\"><\/div><\/div><div class=\"wp-block-getwid-section__content\"><div class=\"wp-block-getwid-section__inner-content\">\n<h1 class=\"wp-block-heading\"><strong>OPENMET BENESTAR free<\/strong><\/h1>\n\n\n\n<p>L\u2019enquesta gratu\u00efta per avaluar el <strong>benestar laboral a la teva empresa<\/strong>.<\/p>\n<\/div><\/div><\/div><\/div><\/div>\n\n\n\n<div class=\"wp-block-getwid-section\"><div class=\"wp-block-getwid-section__wrapper\"><div class=\"wp-block-getwid-section__inner-wrapper\"><div class=\"wp-block-getwid-section__background-holder\"><div class=\"wp-block-getwid-section__background\"><\/div><div class=\"wp-block-getwid-section__foreground\"><\/div><\/div><div class=\"wp-block-getwid-section__content\"><div class=\"wp-block-getwid-section__inner-content\">\n<h2 class=\"wp-block-heading\"><strong><strong>Avalua el benestar laboral dels teus treballadors<\/strong><\/strong><\/h2>\n\n\n\n<p>Amb <strong>Openmet Benestar free<\/strong> podr\u00e0s obtenir un diagn\u00f2stic clar i rigor\u00f3s del nivell de benestar laboral a la teva organitzaci\u00f3.<\/p>\n\n\n\n<p>El nostre model analitza com <strong>les pol\u00edtiques, les estrat\u00e8gies i les pr\u00e0ctiques internes influeixen en la salut mental, el clima organitzacional i la motivaci\u00f3 dels treballadors<\/strong>.<\/p>\n\n\n\n<p>Els resultats es presenten de manera senzilla i visual, basats en indicadors clau de <strong>benestar professional\/econ\u00f2mic<\/strong>,<strong> social\/emocional <\/strong>i<strong> f\u00edsic\/ambiental<\/strong>.<\/p>\n\n\n<div class=\"wp-block-image\">\n<figure class=\"aligncenter size-large is-resized\"><img loading=\"lazy\" decoding=\"async\" width=\"1024\" height=\"576\" src=\"https:\/\/www.openmet.com\/wp-content\/uploads\/2024\/05\/Bienestar-CA-1024x576.png\" alt=\"\" class=\"wp-image-18657\" style=\"width:814px;height:auto\" srcset=\"https:\/\/www.openmet.com\/wp-content\/uploads\/2024\/05\/Bienestar-CA-1024x576.png 1024w, https:\/\/www.openmet.com\/wp-content\/uploads\/2024\/05\/Bienestar-CA-300x169.png 300w, https:\/\/www.openmet.com\/wp-content\/uploads\/2024\/05\/Bienestar-CA-768x432.png 768w, https:\/\/www.openmet.com\/wp-content\/uploads\/2024\/05\/Bienestar-CA.png 1280w\" sizes=\"auto, (max-width: 1024px) 100vw, 1024px\" \/><\/figure>\n<\/div><\/div><\/div><\/div><\/div><\/div>\n\n\n\n<div class=\"wp-block-getwid-section\"><div class=\"wp-block-getwid-section__wrapper\"><div class=\"wp-block-getwid-section__inner-wrapper\"><div class=\"wp-block-getwid-section__background-holder\"><div class=\"wp-block-getwid-section__background\"><\/div><div class=\"wp-block-getwid-section__foreground\"><\/div><\/div><div class=\"wp-block-getwid-section__content\"><div class=\"wp-block-getwid-section__inner-content\">\n<p>Amb el nostre model <strong>Openmet Benestar<\/strong> podr\u00e0s avaluar el nivell de benestar de les persones que treballen a la teva organitzaci\u00f3 des de l\u2019enfocament m\u00e9s actual:&nbsp;<\/p>\n\n\n\n<p><strong>Com les pol\u00edtiques i pr\u00e0ctiques de l&#8217;organitzaci\u00f3 impacten en el benestar dels empleats?<\/strong><\/p>\n\n\n\n<p>El nostre model aporta una visi\u00f3 global sobre el nivell de benestar de la m\u00e0 dels nostres indicadors clau:&nbsp;<\/p>\n\n\n\n<ol start=\"1\" class=\"wp-block-list\">\n<li><strong>Benestar professional i econ\u00f2mic<\/strong>: \u00e0mbit que avalua aspectes relacionats amb la capacitat econ\u00f2mica, les oportunitats de creixement, la conciliaci\u00f3 i el reconeixement.&nbsp;<\/li>\n<\/ol>\n\n\n\n<ol start=\"2\" class=\"wp-block-list\">\n<li><strong>Benestar social i emocional<\/strong>: indicador que avalua el nivell d&#8217;estr\u00e8s, els conflictes socials i les relacions interpersonals a l&#8217;organitzaci\u00f3.&nbsp;<\/li>\n<\/ol>\n\n\n\n<ol start=\"3\" class=\"wp-block-list\">\n<li><strong>Benestar f\u00edsic i ambiental<\/strong>: valoraci\u00f3 sobre la comoditat i l&#8217;ambient a l&#8217;espai de treball, la capacitat de desconnexi\u00f3 en el temps lliure i l&#8217;impacte ambiental.&nbsp;<\/li>\n<\/ol>\n\n\n\n<ol start=\"4\" class=\"wp-block-list\">\n<li><strong>Impacte<\/strong>: valoraci\u00f3 general sobre el nivell de benestar i possibilitat de realitzar comentaris escrits.&nbsp;<\/li>\n<\/ol>\n<\/div><\/div><\/div><\/div><\/div>\n\n\n\n<div class=\"wp-block-buttons is-content-justification-center is-layout-flex wp-container-core-buttons-is-layout-16018d1d wp-block-buttons-is-layout-flex\">\n<div class=\"wp-block-button is-style-fill insights-custom-btn\"><a class=\"wp-block-button__link has-white-color has-text-color has-background has-link-color wp-element-button\" href=\"https:\/\/system.openmet.com\/oi\/SurveyForms\/SurveyWelcome.aspx?param1=PzVvB20V%2bRpFRUxHB4k6ug%3d%3d\" style=\"border-radius:2px;background-color:#8cba8c\" target=\"_blank\" rel=\"noreferrer noopener\">Veure l\u2019enquesta de mostra<\/a><\/div>\n<\/div>\n\n\n\n<div style=\"height:20px\" aria-hidden=\"true\" class=\"wp-block-spacer\"><\/div>\n\n\n\n<div class=\"wp-block-getwid-section\"><div class=\"wp-block-getwid-section__wrapper\"><div class=\"wp-block-getwid-section__inner-wrapper\"><div class=\"wp-block-getwid-section__background-holder\"><div class=\"wp-block-getwid-section__background\"><\/div><div class=\"wp-block-getwid-section__foreground\"><\/div><\/div><div class=\"wp-block-getwid-section__content\"><div class=\"wp-block-getwid-section__inner-content\">\n<h2 class=\"wp-block-heading\">Per qu\u00e8 \u00e9s important el benestar laboral en una empresa?<\/h2>\n\n\n\n<p>El nivell de <strong>benestar laboral<\/strong> est\u00e0 directament relacionat amb el <strong>clima organitzacional<\/strong>: equips motivats i un entorn positiu generen m\u00e9s innovaci\u00f3 i millors resultats.<\/p>\n\n\n\n<p>A m\u00e9s, les empreses que aposten pel <strong>benestar laboral i la salut mental<\/strong> redueixen l\u2019absentisme i creen un entorn de treball m\u00e9s saludable i sostenible.<\/p>\n\n\n\n<p>Disposar de dades objectives, a trav\u00e9s d\u2019una <strong>enquesta de benestar laboral<\/strong>, permet prendre decisions basades en evid\u00e8ncies i dissenyar pol\u00edtiques amb un impacte real.<\/p>\n\n\n\n<div style=\"height:42px\" aria-hidden=\"true\" class=\"wp-block-spacer\"><\/div>\n\n\n\n<p><\/p>\n\n\n\n<h2 class=\"wp-block-heading\"><strong><strong>Com funciona Openmet Benestar free?<\/strong><\/strong><\/h2>\n<\/div><\/div><\/div><\/div><\/div>\n\n\n\n<div style=\"height:20px\" aria-hidden=\"true\" class=\"wp-block-spacer\"><\/div>\n\n\n\n<div class=\"wp-block-columns alignwide insights-steps is-layout-flex wp-container-core-columns-is-layout-829b1d53 wp-block-columns-is-layout-flex\" style=\"margin-bottom:0\">\n<div class=\"wp-block-column insights-column has-white-background-color has-text-color has-background has-link-color wp-elements-af16193e13d2914536f4fd1dc6d6100e is-layout-flow wp-block-column-is-layout-flow\" style=\"color:#000000;padding-top:2em;padding-right:2em;padding-bottom:2em;padding-left:2em\">\n<h2 class=\"wp-block-heading\" id=\"single\" style=\"font-size:40px\"><\/h2>\n\n\n\n<div class=\"wp-block-getwid-image-box has-text-center has-mobile-layout-default has-mobile-alignment-default\"><div class=\"wp-block-getwid-image-box__image-container is-position-top\"><div class=\"wp-block-getwid-image-box__image-wrapper\"><img loading=\"lazy\" decoding=\"async\" width=\"150\" height=\"150\" src=\"https:\/\/www.openmet.com\/wp-content\/uploads\/2024\/04\/file_12892484-150x150.png\" class=\"wp-block-getwid-image-box__image wp-image-18333\" alt=\"\" srcset=\"https:\/\/www.openmet.com\/wp-content\/uploads\/2024\/04\/file_12892484-150x150.png 150w, https:\/\/www.openmet.com\/wp-content\/uploads\/2024\/04\/file_12892484-300x300.png 300w, https:\/\/www.openmet.com\/wp-content\/uploads\/2024\/04\/file_12892484-120x120.png 120w, https:\/\/www.openmet.com\/wp-content\/uploads\/2024\/04\/file_12892484.png 512w\" sizes=\"auto, (max-width: 150px) 100vw, 150px\" \/><\/div><\/div><div class=\"wp-block-getwid-image-box__content\">\n<h3 class=\"wp-block-heading\">1.<\/h3>\n\n\n\n<p><\/p>\n\n\n\n<p>Registra la teva empresa fent servir el formulari<\/p>\n<\/div><\/div>\n<\/div>\n\n\n\n<div class=\"wp-block-column has-white-background-color has-text-color has-background has-link-color wp-elements-9015e2310f7746294b9b4120ad545a85 is-layout-flow wp-block-column-is-layout-flow\" style=\"color:#000000;padding-top:2em;padding-right:2em;padding-bottom:2em;padding-left:2em\">\n<h2 class=\"wp-block-heading\" id=\"single\" style=\"font-size:40px\"><\/h2>\n\n\n\n<div class=\"wp-block-getwid-image-box has-text-center has-mobile-layout-default has-mobile-alignment-default\"><div class=\"wp-block-getwid-image-box__image-container is-position-top\"><div class=\"wp-block-getwid-image-box__image-wrapper\"><img loading=\"lazy\" decoding=\"async\" width=\"150\" height=\"150\" src=\"https:\/\/www.openmet.com\/wp-content\/uploads\/2024\/04\/phishing_12892536-150x150.png\" class=\"wp-block-getwid-image-box__image wp-image-18339\" alt=\"\" srcset=\"https:\/\/www.openmet.com\/wp-content\/uploads\/2024\/04\/phishing_12892536-150x150.png 150w, https:\/\/www.openmet.com\/wp-content\/uploads\/2024\/04\/phishing_12892536-300x300.png 300w, https:\/\/www.openmet.com\/wp-content\/uploads\/2024\/04\/phishing_12892536-120x120.png 120w, https:\/\/www.openmet.com\/wp-content\/uploads\/2024\/04\/phishing_12892536.png 512w\" sizes=\"auto, (max-width: 150px) 100vw, 150px\" \/><\/div><\/div><div class=\"wp-block-getwid-image-box__content\">\n<h3 class=\"wp-block-heading\">2.<\/h3>\n\n\n\n<p>Un cop registrada, rebr\u00e0s un email amb dos links:<\/p>\n\n\n\n<p>Link a l\u2019enquesta + Link als resultats<\/p>\n<\/div><\/div>\n<\/div>\n\n\n\n<div class=\"wp-block-column has-white-background-color has-text-color has-background has-link-color wp-elements-597f007d5922ffb82d53152ecb042441 is-layout-flow wp-block-column-is-layout-flow\" style=\"color:#000000;padding-top:2em;padding-right:2em;padding-bottom:2em;padding-left:2em\">\n<h2 class=\"wp-block-heading\" id=\"patron\" style=\"font-size:40px\"><\/h2>\n\n\n\n<div class=\"wp-block-getwid-image-box has-text-center has-mobile-layout-default has-mobile-alignment-default\"><div class=\"wp-block-getwid-image-box__image-container is-position-top\"><div class=\"wp-block-getwid-image-box__image-wrapper\"><img loading=\"lazy\" decoding=\"async\" width=\"150\" height=\"150\" src=\"https:\/\/www.openmet.com\/wp-content\/uploads\/2024\/04\/token_12892468-150x150.png\" class=\"wp-block-getwid-image-box__image wp-image-18343\" alt=\"\" srcset=\"https:\/\/www.openmet.com\/wp-content\/uploads\/2024\/04\/token_12892468-150x150.png 150w, https:\/\/www.openmet.com\/wp-content\/uploads\/2024\/04\/token_12892468-300x300.png 300w, https:\/\/www.openmet.com\/wp-content\/uploads\/2024\/04\/token_12892468-120x120.png 120w, https:\/\/www.openmet.com\/wp-content\/uploads\/2024\/04\/token_12892468.png 512w\" sizes=\"auto, (max-width: 150px) 100vw, 150px\" \/><\/div><\/div><div class=\"wp-block-getwid-image-box__content\">\n<h3 class=\"wp-block-heading\">3.<\/h3>\n\n\n\n<p>Distribueix el link de l\u2019enquesta entre els treballadors per a que responguin. El link permet que totes les persones que vulguin responguin garantint el seu anonimat.<\/p>\n<\/div><\/div>\n<\/div>\n\n\n\n<div class=\"wp-block-column has-white-background-color has-text-color has-background has-link-color wp-elements-05ae852d9772f2fb3c0168c1c73631cb is-layout-flow wp-block-column-is-layout-flow\" style=\"color:#000000;padding-top:2em;padding-right:2em;padding-bottom:2em;padding-left:2em\">\n<h2 class=\"wp-block-heading\" id=\"patron\" style=\"font-size:40px\"><\/h2>\n\n\n\n<div class=\"wp-block-getwid-image-box has-text-center has-mobile-layout-default has-mobile-alignment-default\"><div class=\"wp-block-getwid-image-box__image-container is-position-top\"><div class=\"wp-block-getwid-image-box__image-wrapper\"><img loading=\"lazy\" decoding=\"async\" width=\"150\" height=\"150\" src=\"https:\/\/www.openmet.com\/wp-content\/uploads\/2024\/04\/stats_12892476-150x150.png\" class=\"wp-block-getwid-image-box__image wp-image-18346\" alt=\"\" srcset=\"https:\/\/www.openmet.com\/wp-content\/uploads\/2024\/04\/stats_12892476-150x150.png 150w, https:\/\/www.openmet.com\/wp-content\/uploads\/2024\/04\/stats_12892476-300x300.png 300w, https:\/\/www.openmet.com\/wp-content\/uploads\/2024\/04\/stats_12892476-120x120.png 120w, https:\/\/www.openmet.com\/wp-content\/uploads\/2024\/04\/stats_12892476.png 512w\" sizes=\"auto, (max-width: 150px) 100vw, 150px\" \/><\/div><\/div><div class=\"wp-block-getwid-image-box__content\">\n<h3 class=\"wp-block-heading\">4.<\/h3>\n\n\n\n<p>Fes servir el link dels resultats per analitzar les respostes, veure KPIs, llegir comentaris, extreure informes, crear DAFOs, etc<\/p>\n<\/div><\/div>\n<\/div>\n<\/div>\n\n\n\n<div style=\"height:40px\" aria-hidden=\"true\" class=\"wp-block-spacer\"><\/div>\n\n\n\n<div class=\"wp-block-getwid-section\"><div class=\"wp-block-getwid-section__wrapper\"><div class=\"wp-block-getwid-section__inner-wrapper\"><div class=\"wp-block-getwid-section__background-holder\"><div class=\"wp-block-getwid-section__background\"><\/div><div class=\"wp-block-getwid-section__foreground\"><\/div><\/div><div class=\"wp-block-getwid-section__content\"><div class=\"wp-block-getwid-section__inner-content\">\n<h2 class=\"wp-block-heading\"><strong>Preguntes sobre l\u2019enquesta de benestar laboral d\u2019Openmet<\/strong><\/h2>\n<\/div><\/div><\/div><\/div><\/div>\n\n\n\n<div class=\"wp-block-getwid-section\"><div class=\"wp-block-getwid-section__wrapper\"><div class=\"wp-block-getwid-section__inner-wrapper\"><div class=\"wp-block-getwid-section__background-holder\"><div class=\"wp-block-getwid-section__background\"><\/div><div class=\"wp-block-getwid-section__foreground\"><\/div><\/div><div class=\"wp-block-getwid-section__content\"><div class=\"wp-block-getwid-section__inner-content\">\n<div class=\"wp-block-columns is-layout-flex wp-container-core-columns-is-layout-9d6595d7 wp-block-columns-is-layout-flex\">\n<div class=\"wp-block-column is-layout-flow wp-block-column-is-layout-flow\">\n<div class=\"wp-block-getwid-accordion insights-tabs has-icon-left\" data-active-element=\"0\">\n<div class=\"wp-block-getwid-accordion__header-wrapper\"><span class=\"wp-block-getwid-accordion__header\"><a href=\"#\"><span class=\"wp-block-getwid-accordion__header-title\"><strong>\u00bfPuc provar o veure l&#8217;avaluaci\u00f3 Openmet Benestar abans d&#8217;inscriure&#8217;m?<\/strong><\/span><span class=\"wp-block-getwid-accordion__icon is-active\"><i class=\"fas fa-plus\"><\/i><\/span><span class=\"wp-block-getwid-accordion__icon is-passive\"><i class=\"fas fa-minus\"><\/i><\/span><\/a><\/span><\/div><div class=\"wp-block-getwid-accordion__content-wrapper\"><div class=\"wp-block-getwid-accordion__content\">\n<p>S\u00ed, en el bot\u00f3 que tens just a sota tens l&#8217;enlla\u00e7 per poder veure l&#8217;aspecte de l&#8217;enquesta.<\/p>\n\n\n\n<div class=\"wp-block-buttons is-layout-flex wp-block-buttons-is-layout-flex\">\n<div class=\"wp-block-button is-style-fill insights-custom-btn\"><a class=\"wp-block-button__link has-background wp-element-button\" href=\"https:\/\/system.openmet.com\/oi\/SurveyForms\/SurveyWelcome.aspx?param1=PzVvB20V%2bRpFRUxHB4k6ug%3d%3d\" style=\"border-radius:2px;background-color:#8cba8c\" target=\"_blank\" rel=\"noreferrer noopener\">Veure l\u2019enquesta de mostra<\/a><\/div>\n<\/div>\n<\/div><\/div>\n\n\n\n<div class=\"wp-block-getwid-accordion__header-wrapper\"><span class=\"wp-block-getwid-accordion__header\"><a href=\"#\"><span class=\"wp-block-getwid-accordion__header-title\"><strong>Quin \u00e9s el preu d&#8217;Openmet Benestar?<\/strong><\/span><span class=\"wp-block-getwid-accordion__icon is-active\"><i class=\"fas fa-plus\"><\/i><\/span><span class=\"wp-block-getwid-accordion__icon is-passive\"><i class=\"fas fa-minus\"><\/i><\/span><\/a><\/span><\/div><div class=\"wp-block-getwid-accordion__content-wrapper\"><div class=\"wp-block-getwid-accordion__content\">\n<p>L&#8217;acc\u00e9s a Openmet Benestar i als seus resultats (tant individuals com agregats) \u00e9s totalment gratu\u00eft.&nbsp;<\/p>\n\n\n\n<p>Poden contestar tantes persones com vulguin. Despr\u00e9s d&#8217;un any, eliminarem les dades de l&#8217;enquesta. Mitjan\u00e7ant l&#8217;acc\u00e9s als resultats, podr\u00e0s descarregar-los abans si ho desitges.&nbsp;<\/p>\n<\/div><\/div>\n\n\n\n<div class=\"wp-block-getwid-accordion__header-wrapper\"><span class=\"wp-block-getwid-accordion__header\"><a href=\"#\"><span class=\"wp-block-getwid-accordion__header-title\"><strong>\u00bfOpenmet Benestar \u00e9s an\u00f2nim i confidencial?<\/strong><\/span><span class=\"wp-block-getwid-accordion__icon is-active\"><i class=\"fas fa-plus\"><\/i><\/span><span class=\"wp-block-getwid-accordion__icon is-passive\"><i class=\"fas fa-minus\"><\/i><\/span><\/a><\/span><\/div><div class=\"wp-block-getwid-accordion__content-wrapper\"><div class=\"wp-block-getwid-accordion__content\">\n<p>Completament.<\/p>\n\n\n\n<p>No es guarden dades personals dels participants. Nom\u00e9s es conserven les respostes a les preguntes de l&#8217;enquesta.<\/p>\n\n\n\n<p>Cada empresa nom\u00e9s pot veure els seus resultats.<\/p>\n\n\n\n<p>Openmet es compromet a no publicar ni difondre mai el nom de les empreses participants, ni les respostes, ni les seves dades, excepte si l&#8217;empresa participant ens ho demana per algun motiu.<\/p>\n\n\n\n<p>Utilitzarem les dades agregades a nivell global per extreure conclusions de mercat, potser publicar algun article i\/o compartir-les amb altres empreses.<\/p>\n<\/div><\/div>\n<\/div>\n<\/div>\n<\/div>\n<\/div><\/div><\/div><\/div><\/div>\n\n\n\n<div style=\"height:40px\" aria-hidden=\"true\" class=\"wp-block-spacer\"><\/div>\n\n\n\n<div class=\"wp-block-getwid-section\"><div class=\"wp-block-getwid-section__wrapper\"><div class=\"wp-block-getwid-section__inner-wrapper\"><div class=\"wp-block-getwid-section__background-holder\"><div class=\"wp-block-getwid-section__background\"><\/div><div class=\"wp-block-getwid-section__foreground\"><\/div><\/div><div class=\"wp-block-getwid-section__content\"><div class=\"wp-block-getwid-section__inner-content\">\n<h2 class=\"wp-block-heading\"><strong>Formulari d\u2019inscripci\u00f3 d\u2019Openmet Benestar free<\/strong><\/h2>\n<\/div><\/div><\/div><\/div><\/div>\n\n\n\n<div style=\"height:40px\" aria-hidden=\"true\" class=\"wp-block-spacer\"><\/div>\n\n\n\n<div style=\"height:0px\" aria-hidden=\"true\" class=\"wp-block-spacer\"><\/div>\n\n\n\n<div class=\"wpcf7 no-js\" id=\"wpcf7-f18441-o1\" lang=\"ca\" dir=\"ltr\" data-wpcf7-id=\"18441\">\n<div class=\"screen-reader-response\"><p role=\"status\" aria-live=\"polite\" aria-atomic=\"true\"><\/p> <ul><\/ul><\/div>\n<form action=\"\/ca\/wp-json\/wp\/v2\/pages\/19160#wpcf7-f18441-o1\" method=\"post\" class=\"wpcf7-form init\" aria-label=\"Formulari de contacte\" novalidate=\"novalidate\" data-status=\"init\">\n<fieldset class=\"hidden-fields-container\"><input type=\"hidden\" name=\"_wpcf7\" value=\"18441\" \/><input type=\"hidden\" name=\"_wpcf7_version\" value=\"6.1.5\" \/><input type=\"hidden\" name=\"_wpcf7_locale\" value=\"ca\" \/><input type=\"hidden\" name=\"_wpcf7_unit_tag\" value=\"wpcf7-f18441-o1\" \/><input type=\"hidden\" name=\"_wpcf7_container_post\" value=\"0\" \/><input type=\"hidden\" name=\"_wpcf7_posted_data_hash\" value=\"\" \/><input type=\"hidden\" name=\"_wpcf7_recaptcha_response\" value=\"\" \/>\n<\/fieldset>\n<p><span class=\"wpcf7-form-control-wrap\" data-name=\"your-name\"><input size=\"40\" maxlength=\"400\" class=\"wpcf7-form-control wpcf7-text wpcf7-validates-as-required insights-name\" aria-required=\"true\" aria-invalid=\"false\" placeholder=\"Nom*\" value=\"\" type=\"text\" name=\"your-name\" \/><\/span>\n<\/p>\n<p><span class=\"wpcf7-form-control-wrap\" data-name=\"your-lastname\"><input size=\"40\" maxlength=\"400\" class=\"wpcf7-form-control wpcf7-text wpcf7-validates-as-required insights-lastname\" aria-required=\"true\" aria-invalid=\"false\" placeholder=\"Cognoms*\" value=\"\" type=\"text\" name=\"your-lastname\" \/><\/span>\n<\/p>\n<p><span class=\"wpcf7-form-control-wrap\" data-name=\"your-email\"><input size=\"40\" maxlength=\"400\" class=\"wpcf7-form-control wpcf7-email wpcf7-validates-as-required wpcf7-text wpcf7-validates-as-email insights-email\" aria-required=\"true\" aria-invalid=\"false\" placeholder=\"Email*\" value=\"\" type=\"email\" name=\"your-email\" \/><\/span>\n<\/p>\n<p><span class=\"wpcf7-form-control-wrap\" data-name=\"your-company\"><input size=\"40\" maxlength=\"400\" class=\"wpcf7-form-control wpcf7-text wpcf7-validates-as-required insights-company\" aria-required=\"true\" aria-invalid=\"false\" placeholder=\"Empresa*\" value=\"\" type=\"text\" name=\"your-company\" \/><\/span>\n<\/p>\n<p><span class=\"wpcf7-form-control-wrap\" data-name=\"your-country\"><input size=\"40\" maxlength=\"400\" class=\"wpcf7-form-control wpcf7-text wpcf7-validates-as-required insights-country\" aria-required=\"true\" aria-invalid=\"false\" placeholder=\"Pa\u00eds*\" value=\"\" type=\"text\" name=\"your-country\" \/><\/span>\n<\/p>\n<p>Si us plau, seleccioneu en quin\/s idioma\/es voleu que es realitzi l'enquesta:\n<\/p>\n<p><span class=\"wpcf7-form-control-wrap\" data-name=\"languages\"><span class=\"wpcf7-form-control wpcf7-checkbox wpcf7-validates-as-required\"><span class=\"wpcf7-list-item first\"><label><input type=\"checkbox\" name=\"languages[]\" value=\"Catal\u00e0\" \/><span class=\"wpcf7-list-item-label\">Catal\u00e0<\/span><\/label><\/span><span class=\"wpcf7-list-item\"><label><input type=\"checkbox\" name=\"languages[]\" value=\"Espa\u00f1ol\" \/><span class=\"wpcf7-list-item-label\">Espa\u00f1ol<\/span><\/label><\/span><span class=\"wpcf7-list-item last\"><label><input type=\"checkbox\" name=\"languages[]\" value=\"English\" \/><span class=\"wpcf7-list-item-label\">English<\/span><\/label><\/span><\/span><\/span>\n<\/p>\n<input class=\"wpcf7-form-control wpcf7-hidden\" value=\"2\" type=\"hidden\" name=\"your-template\" \/>\n<div class=\"acceptance\">\n\t<p><span class=\"wpcf7-form-control-wrap\" data-name=\"acceptance-396\"><span class=\"wpcf7-form-control wpcf7-acceptance\"><span class=\"wpcf7-list-item\"><label><input type=\"checkbox\" name=\"acceptance-396\" value=\"1\" aria-invalid=\"false\" \/><span class=\"wpcf7-list-item-label\">Accepto les <a href=\"\/ca\/politica-de-privacidad\/\" target=\"_blank\" rel=\"noopener\">pol\u00edtica de privacitat<\/a> i <a href=\"\/ca\/politica-de-cookies\/\" target=\"_blank\" rel=\"noopener\">cookies<\/a><\/div><\/span><\/label><\/span><\/span><\/span>\n\t<\/p>\n\t<div class=\"submit-form insights-submit\">\n\t\t<p><input class=\"wpcf7-form-control wpcf7-submit has-spinner\" type=\"submit\" value=\"Enviar\" \/>\n\t\t<\/p>\n\t<\/div>\n<\/div><div class=\"wpcf7-response-output\" aria-hidden=\"true\"><\/div>\n<\/form>\n<\/div>\n\n","protected":false},"excerpt":{"rendered":"<p>Openmet Benestar free \u00e9s una iniciativa d&#8217;Openmet que permet a les organitzacions avaluar el nivell de benestar dels treballadors de manera gratu\u00efta durant un per\u00edode determinat&#8230;.<\/p>\n<p><a class=\"openmet-read-more-link\" href=\"https:\/\/www.openmet.com\/ca\/openmet-people\/openmet-benestar-laboral\/\">Llegir m\u00e9s<\/a><\/p>\n","protected":false},"author":9,"featured_media":18819,"parent":14530,"menu_order":47,"comment_status":"closed","ping_status":"closed","template":"","meta":{"inline_featured_image":false,"ub_ctt_via":"","footnotes":""},"class_list":["post-19160","page","type-page","status-publish","has-post-thumbnail","hentry"],"featured_image_src":"https:\/\/www.openmet.com\/wp-content\/uploads\/2024\/08\/openmet-insights-3.svg","_links":{"self":[{"href":"https:\/\/www.openmet.com\/ca\/wp-json\/wp\/v2\/pages\/19160","targetHints":{"allow":["GET"]}}],"collection":[{"href":"https:\/\/www.openmet.com\/ca\/wp-json\/wp\/v2\/pages"}],"about":[{"href":"https:\/\/www.openmet.com\/ca\/wp-json\/wp\/v2\/types\/page"}],"author":[{"embeddable":true,"href":"https:\/\/www.openmet.com\/ca\/wp-json\/wp\/v2\/users\/9"}],"replies":[{"embeddable":true,"href":"https:\/\/www.openmet.com\/ca\/wp-json\/wp\/v2\/comments?post=19160"}],"version-history":[{"count":3,"href":"https:\/\/www.openmet.com\/ca\/wp-json\/wp\/v2\/pages\/19160\/revisions"}],"predecessor-version":[{"id":19406,"href":"https:\/\/www.openmet.com\/ca\/wp-json\/wp\/v2\/pages\/19160\/revisions\/19406"}],"up":[{"embeddable":true,"href":"https:\/\/www.openmet.com\/ca\/wp-json\/wp\/v2\/pages\/14530"}],"wp:featuredmedia":[{"embeddable":true,"href":"https:\/\/www.openmet.com\/ca\/wp-json\/wp\/v2\/media\/18819"}],"wp:attachment":[{"href":"https:\/\/www.openmet.com\/ca\/wp-json\/wp\/v2\/media?parent=19160"}],"curies":[{"name":"wp","href":"https:\/\/api.w.org\/{rel}","templated":true}]}}